{"id":3729,"date":"2017-04-25T08:09:57","date_gmt":"2017-04-25T08:09:57","guid":{"rendered":"http:\/\/www.marbellaskycorp.com\/web\/?page_id=3729\/"},"modified":"2023-11-13T10:23:14","modified_gmt":"2023-11-13T10:23:14","slug":"contact","status":"publish","type":"page","link":"https:\/\/www.marbellaskycorp.com\/en\/contact\/","title":{"rendered":"CONTACT"},"content":{"rendered":"<p>[vc_row][vc_column][vc_empty_space height=&#8221;60px&#8221;][vc_column_text]<\/p>\n<h1 style=\"text-align: center;\"><span style=\"font-weight: 100;\">CONTACT <\/span>US<\/h1>\n<p>[\/vc_column_text][vc_column_text]<\/p>\n<p style=\"text-align: center;\">Contact our team and we will be pleased\u00a0to help you.<\/p>\n<p>[\/vc_column_text][vc_single_image image=&#8221;27304&#8243; img_size=&#8221;large&#8221; alignment=&#8221;center&#8221;][vc_row_inner][vc_column_inner][vc_column_text]<\/p>\n<p>&nbsp;<\/p>\n<p>[\/vc_column_text][\/vc_column_inner][\/vc_row_inner][\/vc_column][\/vc_row][vc_row][vc_column width=&#8221;1\/2&#8243;][vc_raw_html]JTNDZGl2JTIwaWQlM0QlMjJtYXAlMjIlM0UlM0MlMkZkaXYlM0U=[\/vc_raw_html][vc_raw_js]JTNDc2NyaXB0JTIwdHlwZSUzRCUyMnRleHQlMkZqYXZhc2NyaXB0JTIyJTNFJTIwJTA5JTBBJTA5JTBBJTA5ZnVuY3Rpb24lMjBpbml0TWFwJTI4JTI5JTIwJTdCJTBBJTA5JTA5dmFyJTIwbWFwJTIwJTNEJTIwbmV3JTIwZ29vZ2xlLm1hcHMuTWFwJTI4ZG9jdW1lbnQuZ2V0RWxlbWVudEJ5SWQlMjglMjdtYXAlMjclMjklMkMlMjAlN0IlMEElMDklMDklMjAlMjBjZW50ZXIlM0ElMjAlN0JsYXQlM0ElMjAzNi41MDQ4NDMlMkMlMjBsbmclM0ElMjAtNC43NjU4NyU3RCUyQyUwQSUwOSUwOSUyMCUyMHpvb20lM0ElMjAxNyUyQyUwQSUwOSUwOSUyMCUyMG1hcFR5cGVJZCUzQSUyMCUyN2h5YnJpZCUyNyUwQSUwOSUwOSU3RCUyOSUzQiUwQSUwQSUwOSUwOXZhciUyMExhdE1hcmtlciUyMCUzRCUyMCU3QmxhdCUzQSUyMDM2LjUwMzYwMSUyQyUyMGxuZyUzQSUyMC00Ljc2NTEyOCU3RCUzQiUwQSUwOSUwOXZhciUyMExhdE1hcmtlck1TQyUyMCUzRCUyMCU3QmxhdCUzQSUyMDM2LjUwNDg0MyUyQyUyMGxuZyUzQSUyMC00Ljc2NTg3JTdEJTNCJTBBJTBBJTA5JTA5JTJGJTJGdmFyJTIwbWFya2VyJTIwJTNEJTIwbmV3JTIwZ29vZ2xlLm1hcHMuTWFya2VyJTI4JTdCJTBBJTA5JTA5JTJGJTJGJTA5cG9zaXRpb24lM0ElMjBMYXRNYXJrZXIlMkMlMEElMDklMDklMkYlMkYlMDltYXAlM0ElMjBtYXAlMkMlMEElMDklMDklMkYlMkYlMDlpY29uJTNBJTIwJTdCJTBBJTA5JTA5JTJGJTJGJTA5JTA5dXJsJTNBJTIwJTI3aHR0cHMlM0ElMkYlMkZ3d3cubWFyYmVsbGFza3ljb3JwLmNvbSUyRndwLWNvbnRlbnQlMkZ1cGxvYWRzJTJGMjAyMCUyRjAyJTJGZ29vZ2xlLXBpbiU0MDJ4LWZsaXAteS5wbmclMjclMkMlMEElMDklMDklMkYlMkYlMDklMDlzY2FsZWRTaXplJTNBJTIwbmV3JTIwZ29vZ2xlLm1hcHMuU2l6ZSUyODE1OCUyQyUyMDk5JTI5JTJDJTBBJTA5JTA5JTJGJTJGJTA5JTdEJTBBJTA5JTA5JTJGJTJGJTdEJTI5JTNCJTBBJTBBJTBBJTA5JTA5dmFyJTIwbWFya2VyTVNDJTIwJTNEJTIwbmV3JTIwZ29vZ2xlLm1hcHMuTWFya2VyJTI4JTdCJTBBJTA5JTA5JTA5cG9zaXRpb24lM0ElMjBMYXRNYXJrZXJNU0MlMkMlMEElMDklMDklMDltYXAlM0ElMjBtYXAlMEElMDklMDklN0QlMjklM0IlMEElMEElMDklMDlpbmZvV2luZG93JTIwJTNEJTIwbmV3JTIwZ29vZ2xlLm1hcHMuSW5mb1dpbmRvdyUyOCU3QmNvbnRlbnQlM0ElMjAlMjdNQVJCRUxMQSUzQ3N0cm9uZyUzRVNLWUNPUlAlM0MlMkZzdHJvbmclM0UlMjclN0QlMjklM0IlMEElMEElMkYlMkYlMDklMDlnb29nbGUubWFwcy5ldmVudC5hZGRMaXN0ZW5lciUyOG1hcmtlck1TQyUyQyUyMCUyN2NsaWNrJTI3JTJDJTIwZnVuY3Rpb24lMjglMjklMjAlN0IlMEElMDklMDklMDlpbmZvV2luZG93Lm9wZW4lMjglMjBtYXAlMkMlMjBtYXJrZXJNU0MlMjAlMjklM0IlMEElMkYlMkYlMDklMDklN0QlMjklM0IlMEElMEElMDklN0QlMjAlM0MlMkZzY3JpcHQlM0U=[\/vc_raw_js][vc_raw_js]JTNDJTIxLS0lMjBHb29nbGUlMjBNYXBzJTIwLS0lM0UlMEElM0NzY3JpcHQlMjBzcmMlM0QlMjJodHRwcyUzQSUyRiUyRm1hcHMuZ29vZ2xlYXBpcy5jb20lMkZtYXBzJTJGYXBpJTJGanMlM0ZrZXklM0RBSXphU3lEdXlNSnlRY0FLdkZ1QkM2WHh2V0d4Mk0xWkt5aXFDczAlMjZjYWxsYmFjayUzRGluaXRNYXAlMjIlMjBhc3luYyUyMGRlZmVyJTNFJTNDJTJGc2NyaXB0JTNF[\/vc_raw_js][\/vc_column][vc_column width=&#8221;1\/2&#8243;][vc_column_text]<div class=\"frm_forms  with_frm_style frm_style_formidable-style\" id=\"frm_form_13_container\" >\n<form enctype=\"multipart\/form-data\" method=\"post\" class=\"frm-show-form  frm_pro_form \" id=\"form_99sbn3\" >\n<div class=\"frm_form_fields \">\n<fieldset>\n<legend class=\"frm_hidden\">contacto-en<\/legend>\r\n\r\n<div class=\"frm_fields_container\">\n<input type=\"hidden\" name=\"frm_action\" value=\"create\" \/>\n<input type=\"hidden\" name=\"form_id\" value=\"13\" \/>\n<input type=\"hidden\" name=\"frm_hide_fields_13\" id=\"frm_hide_fields_13\" value=\"\" \/>\n<input type=\"hidden\" name=\"form_key\" value=\"99sbn3\" \/>\n<input type=\"hidden\" name=\"item_meta[0]\" value=\"\" \/>\n<input type=\"hidden\" id=\"frm_submit_entry_13\" name=\"frm_submit_entry_13\" value=\"2ec4f9f418\" \/><input type=\"hidden\" name=\"_wp_http_referer\" value=\"\/en\/wp-json\/wp\/v2\/pages\/3729\/\" \/><div id=\"frm_field_151_container\" class=\"frm_form_field form-field  frm_required_field frm_top_container frm_first frm_half\">\r\n    <label for=\"field_1gf0k3\" class=\"frm_primary_label\">Name\r\n        <span class=\"frm_required\">*<\/span>\r\n    <\/label>\r\n    <input  type=\"text\" id=\"field_1gf0k3\" name=\"item_meta[151]\" value=\"\"  data-reqmsg=\"Please fill this field\" aria-required=\"true\" data-invmsg=\"Name no es v\u00e1lido\" aria-invalid=\"false\"   \/>\r\n    \r\n    \r\n<\/div>\n<div id=\"frm_field_152_container\" class=\"frm_form_field form-field  frm_required_field frm_top_container frm_half\">\r\n    <label for=\"field_i1g593\" class=\"frm_primary_label\">Last name\r\n        <span class=\"frm_required\">*<\/span>\r\n    <\/label>\r\n    <input  type=\"text\" id=\"field_i1g593\" name=\"item_meta[152]\" value=\"\"  data-reqmsg=\"Please fill this field\" aria-required=\"true\" data-invmsg=\"Last name no es v\u00e1lido\" aria-invalid=\"false\"   \/>\r\n    \r\n    \r\n<\/div>\n<div id=\"frm_field_153_container\" class=\"frm_form_field form-field  frm_top_container frm_first frm_sixth\">\r\n    <label for=\"field_qvkdx3\" class=\"frm_primary_label\">Prefix\r\n        <span class=\"frm_required\"><\/span>\r\n    <\/label>\r\n    <input  type=\"text\" id=\"field_qvkdx3\" name=\"item_meta[153]\" value=\"\"  data-invmsg=\"Prefix no es v\u00e1lido\" aria-invalid=\"false\"   \/>\r\n    \r\n    \r\n<\/div>\n<div id=\"frm_field_154_container\" class=\"frm_form_field form-field  frm_top_container frm_third\">\r\n    <label for=\"field_ltuwl3\" class=\"frm_primary_label\">Phone number\r\n        <span class=\"frm_required\"><\/span>\r\n    <\/label>\r\n    <input  type=\"text\" id=\"field_ltuwl3\" name=\"item_meta[154]\" value=\"\"  data-invmsg=\"N\u00famero de tel\u00e9fono no es v\u00e1lido\" aria-invalid=\"false\"   \/>\r\n    \r\n    \r\n<\/div>\n<div id=\"frm_field_155_container\" class=\"frm_form_field form-field  frm_required_field frm_top_container frm_half\">\r\n    <label for=\"field_w3q9i3\" class=\"frm_primary_label\">Email\r\n        <span class=\"frm_required\">*<\/span>\r\n    <\/label>\r\n    <input type=\"email\" id=\"field_w3q9i3\" name=\"item_meta[155]\" value=\"\"  data-reqmsg=\"Please fill this field\" aria-required=\"true\" data-invmsg=\"Email adress not valid\" aria-invalid=\"false\"  \/>\r\n    \r\n    \r\n<\/div>\n<div id=\"frm_field_157_container\" class=\"frm_form_field form-field  frm_required_field frm_top_container\">\r\n    <label for=\"field_rw8yr3\" class=\"frm_primary_label\">Message\r\n        <span class=\"frm_required\">*<\/span>\r\n    <\/label>\r\n    <textarea name=\"item_meta[157]\" id=\"field_rw8yr3\" rows=\"5\"  data-frmval=\"Write your message here\" data-reqmsg=\"Please fill this field\" aria-required=\"true\" data-invmsg=\"Message is invalid\" aria-invalid=\"false\"  >Write your message here<\/textarea>\r\n    \r\n    \r\n<\/div>\n<div id=\"frm_field_217_container\" class=\"frm_form_field form-field  frm_required_field frm_none_container vertical_radio\">\r\n    <div  id=\"field_8n10o_label\" class=\"frm_primary_label\">\r\n        <span class=\"frm_required\">*<\/span>\r\n    <\/div>\r\n    <div class=\"frm_opt_container\" aria-labelledby=\"field_8n10o_label\" role=\"group\">\t\t<div class=\"frm_checkbox\" id=\"frm_checkbox_217-0\">\t\t\t<label  for=\"field_8n10o-0\">\n\t\t\t<input type=\"checkbox\" name=\"item_meta[217][]\" id=\"field_8n10o-0\" value=\"I read and accepted the &lt;a href=&quot;es\/politica-de-privacidad\/&quot;&gt;privacy policy&lt;\/a&gt; of this site.\"  data-reqmsg=\"Este campo no puede estar en blanco.\" data-invmsg=\"This field is invalid\"   aria-required=\"true\"  \/> I read and accepted the <a href=\"es\/politica-de-privacidad\/\">privacy policy<\/a> of this site.<\/label><\/div>\n<\/div>\r\n    \r\n    \r\n<\/div>\n<div id=\"frm_field_232_container\" class=\"frm_form_field form-field  frm_none_container\">\r\n    <label for=\"g-recaptcha-response\" id=\"field_92swy_label\" class=\"frm_primary_label\">reCAPTCHA\r\n        <span class=\"frm_required\" aria-hidden=\"true\"><\/span>\r\n    <\/label>\r\n    <div  id=\"field_92swy\" class=\"frm-g-recaptcha\" data-sitekey=\"6Ldyk-MpAAAAAJfBVuB6v3PyQ6xFzJRr5TUxJRgz\" data-size=\"invisible\" data-theme=\"light\"><\/div>\r\n    \r\n    \r\n<\/div>\n\t<input type=\"hidden\" name=\"item_key\" value=\"\" \/>\n\t\t\t<div id=\"frm_field_236_container\">\n\t\t\t<label for=\"field_zqu0t\" >\n\t\t\t\tIf you are human, leave this field blank.\t\t\t<\/label>\n\t\t\t<input  id=\"field_zqu0t\" type=\"text\" class=\"frm_form_field form-field frm_verify\" name=\"item_meta[236]\" value=\"\"  \/>\n\t\t<\/div>\n\t\t<input name=\"frm_state\" type=\"hidden\" value=\"j48rWwKFbOsYFU94yknxVF8FOSvFMppNRl\/DZk7hyTP6FuESc\/ibar6psJirlMAy\" \/><div class=\"frm_submit\">\r\n\r\n<button class=\"frm_button_submit frm_final_submit\" type=\"submit\"   formnovalidate=\"formnovalidate\">Send<\/button>\r\n\r\n<\/div><\/div>\n<\/fieldset>\n<\/div>\n\n<p style=\"display: none !important;\" class=\"akismet-fields-container\" data-prefix=\"ak_\"><label>&#916;<textarea name=\"ak_hp_textarea\" cols=\"45\" rows=\"8\" maxlength=\"100\"><\/textarea><\/label><input type=\"hidden\" id=\"ak_js_1\" name=\"ak_js\" value=\"249\"\/><script type=\"text\/javascript\">\n\/* <![CDATA[ *\/\ndocument.getElementById( \"ak_js_1\" ).setAttribute( \"value\", ( new Date() ).getTime() );\n\/* ]]> *\/\n<\/script>\n<\/p><\/form>\n<\/div>\n[\/vc_column_text][\/vc_column][\/vc_row]<\/p>\n","protected":false},"excerpt":{"rendered":"<p>[vc_row][vc_column][vc_empty_space height=&#8221;60px&#8221;][vc_column_text] CONTACT US [\/vc_column_text][vc_column_text] Contact our team and we will be pleased\u00a0to help you. [\/vc_column_text][vc_single_image image=&#8221;27304&#8243; img_size=&#8221;large&#8221; alignment=&#8221;center&#8221;][vc_row_inner][vc_column_inner][vc_column_text] &nbsp; [\/vc_column_text][\/vc_column_inner][\/vc_row_inner][\/vc_column][\/vc_row][vc_row][vc_column width=&#8221;1\/2&#8243;][vc_raw_html]JTNDZGl2JTIwaWQlM0QlMjJtYXAlMjIlM0UlM0MlMkZkaXYlM0U=[\/vc_raw_html][vc_raw_js]JTNDc2NyaXB0JTIwdHlwZSUzRCUyMnRleHQlMkZqYXZhc2NyaXB0JTIyJTNFJTIwJTA5JTBBJTA5JTBBJTA5ZnVuY3Rpb24lMjBpbml0TWFwJTI4JTI5JTIwJTdCJTBBJTA5JTA5dmFyJTIwbWFwJTIwJTNEJTIwbmV3JTIwZ29vZ2xlLm1hcHMuTWFwJTI4ZG9jdW1lbnQuZ2V0RWxlbWVudEJ5SWQlMjglMjdtYXAlMjclMjklMkMlMjAlN0IlMEElMDklMDklMjAlMjBjZW50ZXIlM0ElMjAlN0JsYXQlM0ElMjAzNi41MDQ4NDMlMkMlMjBsbmclM0ElMjAtNC43NjU4NyU3RCUyQyUwQSUwOSUwOSUyMCUyMHpvb20lM0ElMjAxNyUyQyUwQSUwOSUwOSUyMCUyMG1hcFR5cGVJZCUzQSUyMCUyN2h5YnJpZCUyNyUwQSUwOSUwOSU3RCUyOSUzQiUwQSUwQSUwOSUwOXZhciUyMExhdE1hcmtlciUyMCUzRCUyMCU3QmxhdCUzQSUyMDM2LjUwMzYwMSUyQyUyMGxuZyUzQSUyMC00Ljc2NTEyOCU3RCUzQiUwQSUwOSUwOXZhciUyMExhdE1hcmtlck1TQyUyMCUzRCUyMCU3QmxhdCUzQSUyMDM2LjUwNDg0MyUyQyUyMGxuZyUzQSUyMC00Ljc2NTg3JTdEJTNCJTBBJTBBJTA5JTA5JTJGJTJGdmFyJTIwbWFya2VyJTIwJTNEJTIwbmV3JTIwZ29vZ2xlLm1hcHMuTWFya2VyJTI4JTdCJTBBJTA5JTA5JTJGJTJGJTA5cG9zaXRpb24lM0ElMjBMYXRNYXJrZXIlMkMlMEElMDklMDklMkYlMkYlMDltYXAlM0ElMjBtYXAlMkMlMEElMDklMDklMkYlMkYlMDlpY29uJTNBJTIwJTdCJTBBJTA5JTA5JTJGJTJGJTA5JTA5dXJsJTNBJTIwJTI3aHR0cHMlM0ElMkYlMkZ3d3cubWFyYmVsbGFza3ljb3JwLmNvbSUyRndwLWNvbnRlbnQlMkZ1cGxvYWRzJTJGMjAyMCUyRjAyJTJGZ29vZ2xlLXBpbiU0MDJ4LWZsaXAteS5wbmclMjclMkMlMEElMDklMDklMkYlMkYlMDklMDlzY2FsZWRTaXplJTNBJTIwbmV3JTIwZ29vZ2xlLm1hcHMuU2l6ZSUyODE1OCUyQyUyMDk5JTI5JTJDJTBBJTA5JTA5JTJGJTJGJTA5JTdEJTBBJTA5JTA5JTJGJTJGJTdEJTI5JTNCJTBBJTBBJTBBJTA5JTA5dmFyJTIwbWFya2VyTVNDJTIwJTNEJTIwbmV3JTIwZ29vZ2xlLm1hcHMuTWFya2VyJTI4JTdCJTBBJTA5JTA5JTA5cG9zaXRpb24lM0ElMjBMYXRNYXJrZXJNU0MlMkMlMEElMDklMDklMDltYXAlM0ElMjBtYXAlMEElMDklMDklN0QlMjklM0IlMEElMEElMDklMDlpbmZvV2luZG93JTIwJTNEJTIwbmV3JTIwZ29vZ2xlLm1hcHMuSW5mb1dpbmRvdyUyOCU3QmNvbnRlbnQlM0ElMjAlMjdNQVJCRUxMQSUzQ3N0cm9uZyUzRVNLWUNPUlAlM0MlMkZzdHJvbmclM0UlMjclN0QlMjklM0IlMEElMEElMkYlMkYlMDklMDlnb29nbGUubWFwcy5ldmVudC5hZGRMaXN0ZW5lciUyOG1hcmtlck1TQyUyQyUyMCUyN2NsaWNrJTI3JTJDJTIwZnVuY3Rpb24lMjglMjklMjAlN0IlMEElMDklMDklMDlpbmZvV2luZG93Lm9wZW4lMjglMjBtYXAlMkMlMjBtYXJrZXJNU0MlMjAlMjklM0IlMEElMkYlMkYlMDklMDklN0QlMjklM0IlMEElMEElMDklN0QlMjAlM0MlMkZzY3JpcHQlM0U=[\/vc_raw_js][vc_raw_js]JTNDJTIxLS0lMjBHb29nbGUlMjBNYXBzJTIwLS0lM0UlMEElM0NzY3JpcHQlMjBzcmMlM0QlMjJodHRwcyUzQSUyRiUyRm1hcHMuZ29vZ2xlYXBpcy5jb20lMkZtYXBzJTJGYXBpJTJGanMlM0ZrZXklM0RBSXphU3lEdXlNSnlRY0FLdkZ1QkM2WHh2V0d4Mk0xWkt5aXFDczAlMjZjYWxsYmFjayUzRGluaXRNYXAlMjIlMjBhc3luYyUyMGRlZmVyJTNFJTNDJTJGc2NyaXB0JTNF[\/vc_raw_js][\/vc_column][vc_column width=&#8221;1\/2&#8243;][vc_column_text][\/vc_column_text][\/vc_column][\/vc_row]<\/p>\n","protected":false},"author":1,"featured_media":0,"parent":0,"menu_order":0,"comment_status":"closed","ping_status":"closed","template":"template\/template-onepage.php","meta":{"footnotes":""},"class_list":["post-3729","page","type-page","status-publish","hentry"],"acf":[],"aioseo_notices":[],"_links":{"self":[{"href":"https:\/\/www.marbellaskycorp.com\/en\/wp-json\/wp\/v2\/pages\/3729\/"}],"collection":[{"href":"https:\/\/www.marbellaskycorp.com\/en\/wp-json\/wp\/v2\/pages\/"}],"about":[{"href":"https:\/\/www.marbellaskycorp.com\/en\/wp-json\/wp\/v2\/types\/page\/"}],"author":[{"embeddable":true,"href":"https:\/\/www.marbellaskycorp.com\/en\/wp-json\/wp\/v2\/users\/1\/"}],"replies":[{"embeddable":true,"href":"https:\/\/www.marbellaskycorp.com\/en\/wp-json\/wp\/v2\/comments\/?post=3729"}],"version-history":[{"count":0,"href":"https:\/\/www.marbellaskycorp.com\/en\/wp-json\/wp\/v2\/pages\/3729\/revisions\/"}],"wp:attachment":[{"href":"https:\/\/www.marbellaskycorp.com\/en\/wp-json\/wp\/v2\/media\/?parent=3729"}],"curies":[{"name":"wp","href":"https:\/\/api.w.org\/{rel}","templated":true}]}}