{"id":3741,"date":"2017-04-25T08:15:54","date_gmt":"2017-04-25T08:15:54","guid":{"rendered":"http:\/\/www.marbellaskycorp.com\/web\/?page_id=3741\/"},"modified":"2024-10-03T08:31:44","modified_gmt":"2024-10-03T08:31:44","slug":"properties-for-rent","status":"publish","type":"page","link":"https:\/\/www.marbellaskycorp.com\/en\/properties\/properties-for-rent\/","title":{"rendered":"PROPERTIES FOR RENT"},"content":{"rendered":"<p>[vc_row][vc_column][vc_empty_space height=&#8221;60px&#8221;][vc_column_text]<\/p>\n<h1 style=\"text-align: center;\"><span style=\"font-weight: 100;\">PROPERTIES <\/span>FOR RENT<\/h1>\n<h5 style=\"text-align: center; font-size: 12px; color: #666666;\">MIJAS COSTA &#8211; MARBELLA &#8211; GUADALMINA &#8211; LA MILLA DE ORO &#8211; NUEVA ANDALUC\u00cdA &#8211; SAN PEDRO DE ALC\u00c1NTARA &#8211; PUERTO BAN\u00daS<br \/>\nCASASOLA &#8211; BENAHAVIS &#8211; LA ALQUER\u00cdA &#8211; LA QUINTA &#8211; LOS FLAMINGOS &#8211; EL MADRO\u00d1AL &#8211; ESTEPONA &#8211; LA ZAGALETA &#8211; CASARES<\/h5>\n<p>[\/vc_column_text][\/vc_column][\/vc_row][vc_row][vc_column][vc_column_text]\t\t<div id=\"properties_module_section\" class=\"houzez-module property-item-module\">\r\n\t\t\t<div id=\"properties_module_container\">\r\n\t\t\t\t<div id=\"module_properties\" class=\"property-listing grid-view\">\r\n\r\n\t\t\t\t\t\n<div id=\"ID-123697\" class=\"item-wrap infobox_trigger item-modern-5-bedroom-villa-with-stunning-sea-views-in-el-rosario\">\n    <div class=\"property-item table-list\">\n        <div class=\"table-cell\">\n            <div class=\"figure-block\">\n                <figure class=\"item-thumb\">\n\n                    \n                    <div class=\"label-wrap label-right hide-on-list\">\n                        <span class=\"label-status label-status-427 label label-default\">Golf Zone<\/span><span class=\"label-status label-status-428 label label-default\">Mountains Zone<\/span><span class=\"label label-default label-color-598\">Villas<\/span>                    <\/div>\n\n                    <div class=\"price hide-on-list\"><span class=\"item-price\">8,000 \u20ac<\/span><\/div>\n                    <a class=\"hover-effect\" href=\"https:\/\/www.marbellaskycorp.com\/en\/propierty\/modern-5-bedroom-villa-with-stunning-sea-views-in-el-rosario\/\">\n                        <img loading=\"lazy\" decoding=\"async\" width=\"385\" height=\"258\" src=\"https:\/\/www.marbellaskycorp.com\/wp-content\/uploads\/2026\/01\/3-1-385x258.jpg\" class=\"attachment-houzez-property-thumb-image size-houzez-property-thumb-image wp-post-image\" alt=\"\" srcset=\"https:\/\/www.marbellaskycorp.com\/wp-content\/uploads\/2026\/01\/3-1-385x258.jpg 385w, https:\/\/www.marbellaskycorp.com\/wp-content\/uploads\/2026\/01\/3-1-300x200.jpg 300w, https:\/\/www.marbellaskycorp.com\/wp-content\/uploads\/2026\/01\/3-1-1024x683.jpg 1024w, https:\/\/www.marbellaskycorp.com\/wp-content\/uploads\/2026\/01\/3-1-768x512.jpg 768w, https:\/\/www.marbellaskycorp.com\/wp-content\/uploads\/2026\/01\/3-1-150x100.jpg 150w, https:\/\/www.marbellaskycorp.com\/wp-content\/uploads\/2026\/01\/3-1.jpg 1200w\" sizes=\"auto, (max-width: 385px) 100vw, 385px\" \/>                    <\/a>\n                                    <\/figure>\n            <\/div>\n        <\/div>\n        <div class=\"item-body table-cell\">\n\n            <div class=\"body-left table-cell\">\n                <div class=\"info-row\">\n                    <div class=\"label-wrap hide-on-grid\">\n                        <span class=\"label-status label-status-427 label label-default\">Golf Zone<\/span><span class=\"label-status label-status-428 label label-default\">Mountains Zone<\/span><span class=\"label label-default label-color-598\">Villas<\/span>                    <\/div>\n                    <h2 class=\"property-title\"><a href=\"https:\/\/www.marbellaskycorp.com\/en\/propierty\/modern-5-bedroom-villa-with-stunning-sea-views-in-el-rosario\/\">Modern 5-bedroom villa with stunning sea views in El Rosario<\/a><\/h2>                <\/div>\n                <div class=\"info-row amenities hide-on-grid\">\n                    <p><span>Beds: 5<\/span><span>Baths: 4<\/span><\/p>                    <p>Properties for rent<\/p>\n                <\/div>\n\n                \n            <\/div>\n            <div class=\"body-right table-cell hidden-gird-cell\">\n\n                <div class=\"info-row price\"><span class=\"item-price\">8,000 \u20ac<\/span><\/div>\n\n                <div class=\"info-row phone text-right\">\n                    <a href=\"https:\/\/www.marbellaskycorp.com\/en\/propierty\/modern-5-bedroom-villa-with-stunning-sea-views-in-el-rosario\/\" class=\"btn btn-primary\">Details <i class=\"fa fa-angle-right fa-right\"><\/i><\/a>\n                <\/div>\n            <\/div>\n\n            <div class=\"table-list full-width hide-on-list\">\n                <div class=\"cell\">\n                    <div class=\"info-row amenities\">\n                        <p><span>Beds: 5<\/span><span>Baths: 4<\/span><\/p>                        <p>Properties for rent<\/p>\n\n                    <\/div>\n                <\/div>\n                <div class=\"cell\">\n                    <div class=\"phone\">\n                        <a href=\"https:\/\/www.marbellaskycorp.com\/en\/propierty\/modern-5-bedroom-villa-with-stunning-sea-views-in-el-rosario\/\" class=\"btn btn-primary\"> Details <i class=\"fa fa-angle-right fa-right\"><\/i><\/a>\n                    <\/div>\n                <\/div>\n            <\/div>\n        <\/div>\n    <\/div>\n\n    \n<\/div>\n<div id=\"ID-115385\" class=\"item-wrap infobox_trigger item-3-bedroom-apartment-for-long-term-rent-in-elviria\">\n    <div class=\"property-item table-list\">\n        <div class=\"table-cell\">\n            <div class=\"figure-block\">\n                <figure class=\"item-thumb\">\n\n                    \n                    <div class=\"label-wrap label-right hide-on-list\">\n                        <span class=\"label-status label-status-427 label label-default\">Golf Zone<\/span><span class=\"label-status label-status-428 label label-default\">Mountains Zone<\/span><span class=\"label label-default label-color-588\">Apartments<\/span>                    <\/div>\n\n                    <div class=\"price hide-on-list\"><span class=\"item-price\">1,800 \u20ac<\/span><\/div>\n                    <a class=\"hover-effect\" href=\"https:\/\/www.marbellaskycorp.com\/en\/propierty\/3-bedroom-apartment-for-long-term-rent-in-elviria\/\">\n                        <img loading=\"lazy\" decoding=\"async\" width=\"385\" height=\"258\" src=\"https:\/\/www.marbellaskycorp.com\/wp-content\/uploads\/2025\/08\/FOTOS-LOW-RESOLUTION3D-LOW-RESOLUTIONHEAVEN-MARBELLAVISTAS-2-385x258.jpeg\" class=\"attachment-houzez-property-thumb-image size-houzez-property-thumb-image wp-post-image\" alt=\"\" \/>                    <\/a>\n                                    <\/figure>\n            <\/div>\n        <\/div>\n        <div class=\"item-body table-cell\">\n\n            <div class=\"body-left table-cell\">\n                <div class=\"info-row\">\n                    <div class=\"label-wrap hide-on-grid\">\n                        <span class=\"label-status label-status-427 label label-default\">Golf Zone<\/span><span class=\"label-status label-status-428 label label-default\">Mountains Zone<\/span><span class=\"label label-default label-color-588\">Apartments<\/span>                    <\/div>\n                    <h2 class=\"property-title\"><a href=\"https:\/\/www.marbellaskycorp.com\/en\/propierty\/3-bedroom-apartment-for-long-term-rent-in-elviria\/\">3-Bedroom Apartment for Long-Term Rent in Elviria<\/a><\/h2>                <\/div>\n                <div class=\"info-row amenities hide-on-grid\">\n                    <p><span>Beds: 3<\/span><span>Baths: 3<\/span><\/p>                    <p>Properties for rent<\/p>\n                <\/div>\n\n                \n            <\/div>\n            <div class=\"body-right table-cell hidden-gird-cell\">\n\n                <div class=\"info-row price\"><span class=\"item-price\">1,800 \u20ac<\/span><\/div>\n\n                <div class=\"info-row phone text-right\">\n                    <a href=\"https:\/\/www.marbellaskycorp.com\/en\/propierty\/3-bedroom-apartment-for-long-term-rent-in-elviria\/\" class=\"btn btn-primary\">Details <i class=\"fa fa-angle-right fa-right\"><\/i><\/a>\n                <\/div>\n            <\/div>\n\n            <div class=\"table-list full-width hide-on-list\">\n                <div class=\"cell\">\n                    <div class=\"info-row amenities\">\n                        <p><span>Beds: 3<\/span><span>Baths: 3<\/span><\/p>                        <p>Properties for rent<\/p>\n\n                    <\/div>\n                <\/div>\n                <div class=\"cell\">\n                    <div class=\"phone\">\n                        <a href=\"https:\/\/www.marbellaskycorp.com\/en\/propierty\/3-bedroom-apartment-for-long-term-rent-in-elviria\/\" class=\"btn btn-primary\"> Details <i class=\"fa fa-angle-right fa-right\"><\/i><\/a>\n                    <\/div>\n                <\/div>\n            <\/div>\n        <\/div>\n    <\/div>\n\n    \n<\/div>\n<div id=\"ID-43737\" class=\"item-wrap infobox_trigger item-penthouse-in-alzambra-vasari-close-to-puerto-banus\">\n    <div class=\"property-item table-list\">\n        <div class=\"table-cell\">\n            <div class=\"figure-block\">\n                <figure class=\"item-thumb\">\n\n                    \n                    <div class=\"label-wrap label-right hide-on-list\">\n                        <span class=\"label-status label-status-429 label label-default\">Beach Zone<\/span><span class=\"label-status label-status-427 label label-default\">Golf Zone<\/span><span class=\"label-status label-status-428 label label-default\">Mountains Zone<\/span><span class=\"label label-default label-color-587\">Penthouses<\/span>                    <\/div>\n\n                    <div class=\"price hide-on-list\"><span class=\"item-price\">7,500 \u20ac<\/span><\/div>\n                    <a class=\"hover-effect\" href=\"https:\/\/www.marbellaskycorp.com\/en\/propierty\/penthouse-in-alzambra-vasari-close-to-puerto-banus\/\">\n                        <img loading=\"lazy\" decoding=\"async\" width=\"385\" height=\"258\" src=\"https:\/\/www.marbellaskycorp.com\/wp-content\/uploads\/2022\/01\/IMG_3596-1-385x258.jpeg\" class=\"attachment-houzez-property-thumb-image size-houzez-property-thumb-image wp-post-image\" alt=\"\" \/>                    <\/a>\n                                    <\/figure>\n            <\/div>\n        <\/div>\n        <div class=\"item-body table-cell\">\n\n            <div class=\"body-left table-cell\">\n                <div class=\"info-row\">\n                    <div class=\"label-wrap hide-on-grid\">\n                        <span class=\"label-status label-status-429 label label-default\">Beach Zone<\/span><span class=\"label-status label-status-427 label label-default\">Golf Zone<\/span><span class=\"label-status label-status-428 label label-default\">Mountains Zone<\/span><span class=\"label label-default label-color-587\">Penthouses<\/span>                    <\/div>\n                    <h2 class=\"property-title\"><a href=\"https:\/\/www.marbellaskycorp.com\/en\/propierty\/penthouse-in-alzambra-vasari-close-to-puerto-banus\/\">Penthouse in Alzambra Vasari close to Puerto Ban\u00fas<\/a><\/h2>                <\/div>\n                <div class=\"info-row amenities hide-on-grid\">\n                    <p><span>Beds: 4<\/span><span>Baths: 3<\/span><\/p>                    <p>Properties for rent<\/p>\n                <\/div>\n\n                \n            <\/div>\n            <div class=\"body-right table-cell hidden-gird-cell\">\n\n                <div class=\"info-row price\"><span class=\"item-price\">7,500 \u20ac<\/span><\/div>\n\n                <div class=\"info-row phone text-right\">\n                    <a href=\"https:\/\/www.marbellaskycorp.com\/en\/propierty\/penthouse-in-alzambra-vasari-close-to-puerto-banus\/\" class=\"btn btn-primary\">Details <i class=\"fa fa-angle-right fa-right\"><\/i><\/a>\n                <\/div>\n            <\/div>\n\n            <div class=\"table-list full-width hide-on-list\">\n                <div class=\"cell\">\n                    <div class=\"info-row amenities\">\n                        <p><span>Beds: 4<\/span><span>Baths: 3<\/span><\/p>                        <p>Properties for rent<\/p>\n\n                    <\/div>\n                <\/div>\n                <div class=\"cell\">\n                    <div class=\"phone\">\n                        <a href=\"https:\/\/www.marbellaskycorp.com\/en\/propierty\/penthouse-in-alzambra-vasari-close-to-puerto-banus\/\" class=\"btn btn-primary\"> Details <i class=\"fa fa-angle-right fa-right\"><\/i><\/a>\n                    <\/div>\n                <\/div>\n            <\/div>\n        <\/div>\n    <\/div>\n\n    \n<\/div>\n<div id=\"ID-29696\" class=\"item-wrap infobox_trigger item-4-bedroom-townhouse-in-alzambra-vasari-close-to-puerto-banus\">\n    <div class=\"property-item table-list\">\n        <div class=\"table-cell\">\n            <div class=\"figure-block\">\n                <figure class=\"item-thumb\">\n\n                    \n                    <div class=\"label-wrap label-right hide-on-list\">\n                        <span class=\"label-status label-status-427 label label-default\">Golf Zone<\/span><span class=\"label-status label-status-428 label label-default\">Mountains Zone<\/span><span class=\"label label-default label-color-589\">Townhouses<\/span>                    <\/div>\n\n                    <div class=\"price hide-on-list\"><span class=\"item-price\">7,000 \u20ac<\/span><\/div>\n                    <a class=\"hover-effect\" href=\"https:\/\/www.marbellaskycorp.com\/en\/propierty\/townhouse-in-alzambra-vasari-close-to-puerto-banus\/\">\n                        <img loading=\"lazy\" decoding=\"async\" width=\"385\" height=\"258\" src=\"https:\/\/www.marbellaskycorp.com\/wp-content\/uploads\/2020\/09\/1.0-385x258.jpeg\" class=\"attachment-houzez-property-thumb-image size-houzez-property-thumb-image wp-post-image\" alt=\"\" \/>                    <\/a>\n                                    <\/figure>\n            <\/div>\n        <\/div>\n        <div class=\"item-body table-cell\">\n\n            <div class=\"body-left table-cell\">\n                <div class=\"info-row\">\n                    <div class=\"label-wrap hide-on-grid\">\n                        <span class=\"label-status label-status-427 label label-default\">Golf Zone<\/span><span class=\"label-status label-status-428 label label-default\">Mountains Zone<\/span><span class=\"label label-default label-color-589\">Townhouses<\/span>                    <\/div>\n                    <h2 class=\"property-title\"><a href=\"https:\/\/www.marbellaskycorp.com\/en\/propierty\/townhouse-in-alzambra-vasari-close-to-puerto-banus\/\">4 bedroom townhouse in Alzambra Vasari close to Puerto Ban\u00fas<\/a><\/h2>                <\/div>\n                <div class=\"info-row amenities hide-on-grid\">\n                    <p><span>Beds: 4<\/span><span>Baths: 4<\/span><\/p>                    <p>Properties for rent<\/p>\n                <\/div>\n\n                \n            <\/div>\n            <div class=\"body-right table-cell hidden-gird-cell\">\n\n                <div class=\"info-row price\"><span class=\"item-price\">7,000 \u20ac<\/span><\/div>\n\n                <div class=\"info-row phone text-right\">\n                    <a href=\"https:\/\/www.marbellaskycorp.com\/en\/propierty\/townhouse-in-alzambra-vasari-close-to-puerto-banus\/\" class=\"btn btn-primary\">Details <i class=\"fa fa-angle-right fa-right\"><\/i><\/a>\n                <\/div>\n            <\/div>\n\n            <div class=\"table-list full-width hide-on-list\">\n                <div class=\"cell\">\n                    <div class=\"info-row amenities\">\n                        <p><span>Beds: 4<\/span><span>Baths: 4<\/span><\/p>                        <p>Properties for rent<\/p>\n\n                    <\/div>\n                <\/div>\n                <div class=\"cell\">\n                    <div class=\"phone\">\n                        <a href=\"https:\/\/www.marbellaskycorp.com\/en\/propierty\/townhouse-in-alzambra-vasari-close-to-puerto-banus\/\" class=\"btn btn-primary\"> Details <i class=\"fa fa-angle-right fa-right\"><\/i><\/a>\n                    <\/div>\n                <\/div>\n            <\/div>\n        <\/div>\n    <\/div>\n\n    \n<\/div>\r\n\t\t\t\t<\/div>\r\n\t\t\t\t<!-- end container-content -->\r\n\t\t\t<\/div>\r\n\t\t\t<div class=\"clearfix\"><\/div>\r\n\t\t\t\t\t<\/div>\r\n\r\n\t\t[\/vc_column_text][\/vc_column][\/vc_row][vc_row full_width=&#8221;stretch_row_content_no_spaces&#8221;][vc_column][\/vc_column][\/vc_row]<\/p>\n","protected":false},"excerpt":{"rendered":"<p>[vc_row][vc_column][vc_empty_space height=&#8221;60px&#8221;][vc_column_text] PROPERTIES FOR RENT MIJAS COSTA &#8211; MARBELLA &#8211; GUADALMINA &#8211; LA MILLA DE ORO &#8211; NUEVA ANDALUC\u00cdA &#8211; SAN PEDRO DE ALC\u00c1NTARA &#8211; PUERTO BAN\u00daS CASASOLA &#8211; BENAHAVIS &#8211; LA ALQUER\u00cdA &#8211; LA QUINTA &#8211; LOS FLAMINGOS &#8211; EL MADRO\u00d1AL &#8211; ESTEPONA &#8211; LA ZAGALETA &#8211; CASARES [\/vc_column_text][\/vc_column][\/vc_row][vc_row][vc_column][vc_column_text][\/vc_column_text][\/vc_column][\/vc_row][vc_row full_width=&#8221;stretch_row_content_no_spaces&#8221;][vc_column][\/vc_column][\/vc_row]<\/p>\n","protected":false},"author":1,"featured_media":0,"parent":3736,"menu_order":0,"comment_status":"closed","ping_status":"closed","template":"template\/template-onepage.php","meta":{"footnotes":""},"class_list":["post-3741","page","type-page","status-publish","hentry"],"acf":[],"aioseo_notices":[],"_links":{"self":[{"href":"https:\/\/www.marbellaskycorp.com\/en\/wp-json\/wp\/v2\/pages\/3741\/"}],"collection":[{"href":"https:\/\/www.marbellaskycorp.com\/en\/wp-json\/wp\/v2\/pages\/"}],"about":[{"href":"https:\/\/www.marbellaskycorp.com\/en\/wp-json\/wp\/v2\/types\/page\/"}],"author":[{"embeddable":true,"href":"https:\/\/www.marbellaskycorp.com\/en\/wp-json\/wp\/v2\/users\/1\/"}],"replies":[{"embeddable":true,"href":"https:\/\/www.marbellaskycorp.com\/en\/wp-json\/wp\/v2\/comments\/?post=3741"}],"version-history":[{"count":0,"href":"https:\/\/www.marbellaskycorp.com\/en\/wp-json\/wp\/v2\/pages\/3741\/revisions\/"}],"up":[{"embeddable":true,"href":"https:\/\/www.marbellaskycorp.com\/en\/wp-json\/wp\/v2\/pages\/3736\/"}],"wp:attachment":[{"href":"https:\/\/www.marbellaskycorp.com\/en\/wp-json\/wp\/v2\/media\/?parent=3741"}],"curies":[{"name":"wp","href":"https:\/\/api.w.org\/{rel}","templated":true}]}}