{"id":3790,"date":"2017-04-25T09:08:33","date_gmt":"2017-04-25T09:08:33","guid":{"rendered":"http:\/\/www.marbellaskycorp.com\/web\/?page_id=3790\/"},"modified":"2022-08-21T11:06:29","modified_gmt":"2022-08-21T11:06:29","slug":"selling-a-propierties","status":"publish","type":"page","link":"https:\/\/www.marbellaskycorp.com\/en\/services\/selling-a-propierties\/","title":{"rendered":"HOW WE SELL YOUR PROPERTY"},"content":{"rendered":"<p>[vc_row][vc_column][vc_empty_space height=&#8221;60px&#8221;][\/vc_column][\/vc_row][vc_row][vc_column][vc_column_text]<\/p>\n<h1 style=\"text-align: center;\"><span style=\"font-weight: 100; font-family: lato;\">HOW WE SELL YOUR PROPERTY<\/span><\/h1>\n<p>[\/vc_column_text][vc_column_text]<\/p>\n<p style=\"text-align: justify;\">Marbella Sky Corp offers you a professional and personalised service adapted to the evolving and competitive market that we operate in and where your property has to be in a strong position. Our experience will help you to make the best decisions and our advice will help you launch your property in the market. Our main objective is to identify the ideal customer for the purchase of your property. Our dynamic marketing strategies and close collaboration with all of the agencies on the Costa del Sol ensures maximum visibility and therefore leads to a quick and secure sale.<\/p>\n<p style=\"text-align: justify;\">What we do to sell your property:<\/p>\n<ul>\n<li style=\"list-style-type: none;\">\n<ul>\n<li>Professional pictures, drone aerial pictures, 3D pictures, video, virtual tour.<\/li>\n<li>Insertions in National &amp; international real estate portals, luxury portals.<\/li>\n<li>Billboards &amp; posters.<\/li>\n<li>Advertising in social medias: Instagram, Facebook, LinkedIn, YouTube channel and Google.<\/li>\n<li>Data base of 3,500 real estate agencies between Malaga to Sotogrande. Real estate CRM platform.<\/li>\n<li>International real estate collaborations.<\/li>\n<li>Agent Login: full marketing material for agencies.<\/li>\n<li>Weekly mailing adapted to the property for agencies \/ clients.<\/li>\n<li>Official sales launch \/ Open houses<\/li>\n<li>Special marketing proposals for mansions or new development<\/li>\n<\/ul>\n<\/li>\n<\/ul>\n<p>Fill out the form to find out about the terms and conditions to sell your property and how we do when we are the sole agency working for you.[\/vc_column_text][\/vc_column][\/vc_row][vc_row full_width=&#8221;stretch_row&#8221; css=&#8221;.vc_custom_1488786535808{padding-top: 70px !important;background-color: #eeeeee !important;}&#8221;][vc_column][vc_column_text]<div class=\"frm_forms  with_frm_style frm_style_formidable-style\" id=\"frm_form_11_container\" >\n<form enctype=\"multipart\/form-data\" method=\"post\" class=\"frm-show-form  frm_pro_form \" id=\"form_contact222\" >\n<div class=\"frm_form_fields \">\n<fieldset>\n<legend class=\"frm_hidden\">vender-en<\/legend>\r\n\r\n<div class=\"frm_fields_container\">\n<input type=\"hidden\" name=\"frm_action\" value=\"create\" \/>\n<input type=\"hidden\" name=\"form_id\" value=\"11\" \/>\n<input type=\"hidden\" name=\"frm_hide_fields_11\" id=\"frm_hide_fields_11\" value=\"\" \/>\n<input type=\"hidden\" name=\"form_key\" value=\"contact222\" \/>\n<input type=\"hidden\" name=\"item_meta[0]\" value=\"\" \/>\n<input type=\"hidden\" id=\"frm_submit_entry_11\" name=\"frm_submit_entry_11\" value=\"7baf38a433\" \/><input type=\"hidden\" name=\"_wp_http_referer\" value=\"\/en\/wp-json\/wp\/v2\/pages\/3790\" \/><div id=\"frm_field_129_container\" class=\"frm_form_field form-field  frm_required_field frm_top_container frm_first frm_half\">\r\n    <label for=\"field_qh4icy32\" class=\"frm_primary_label\">Name\r\n        <span class=\"frm_required\">*<\/span>\r\n    <\/label>\r\n    <input  type=\"text\" id=\"field_qh4icy32\" name=\"item_meta[129]\" value=\"\"  data-reqmsg=\"Este campo no puede estar en blanco.\" aria-required=\"true\" data-invmsg=\"Name is invalid\" aria-invalid=\"false\"   \/>\r\n    \r\n    \r\n<\/div>\n<div id=\"frm_field_130_container\" class=\"frm_form_field form-field  frm_required_field frm_top_container frm_half\">\r\n    <label for=\"field_ocfup132\" class=\"frm_primary_label\">Last Name\r\n        <span class=\"frm_required\">*<\/span>\r\n    <\/label>\r\n    <input  type=\"text\" id=\"field_ocfup132\" name=\"item_meta[130]\" value=\"\"  data-reqmsg=\"Este campo no puede estar en blanco.\" aria-required=\"true\" data-invmsg=\"Last Name is invalid\" aria-invalid=\"false\"   \/>\r\n    \r\n    \r\n<\/div>\n<div id=\"frm_field_131_container\" class=\"frm_form_field form-field  frm_required_field frm_top_container frm_first frm_eighth\">\r\n    <label for=\"field_4yaqp4\" class=\"frm_primary_label\">Prefix\r\n        <span class=\"frm_required\">*<\/span>\r\n    <\/label>\r\n    <input  type=\"text\" id=\"field_4yaqp4\" name=\"item_meta[131]\" value=\"\"  data-reqmsg=\"Este campo no puede estar en blanco.\" aria-required=\"true\" data-invmsg=\"Prefix is invalid\" aria-invalid=\"false\"   \/>\r\n    \r\n    \r\n<\/div>\n<div id=\"frm_field_132_container\" class=\"frm_form_field form-field  frm_required_field frm_top_container frm_fourth\">\r\n    <label for=\"field_5l5ly4\" class=\"frm_primary_label\">Phone numbre\r\n        <span class=\"frm_required\">*<\/span>\r\n    <\/label>\r\n    <input type=\"tel\" id=\"field_5l5ly4\" name=\"item_meta[132]\" value=\"\"  data-reqmsg=\"Este campo no puede estar en blanco.\" aria-required=\"true\" data-invmsg=\"N\u00famero de tel\u00e9fono no es v\u00e1lido\" aria-invalid=\"false\" pattern=\"((\\+\\d{1,3}(-|.| )?\\(?\\d\\)?(-| |.)?\\d{1,5})|(\\(?\\d{2,6}\\)?))(-|.| )?(\\d{3,4})(-|.| )?(\\d{4})(( x| ext)\\d{1,5}){0,1}$\"  \/>\r\n    \r\n    \r\n<\/div>\n<div id=\"frm_field_133_container\" class=\"frm_form_field form-field  frm_required_field frm_top_container frm_half\">\r\n    <label for=\"field_29yf4d32\" class=\"frm_primary_label\">Email\r\n        <span class=\"frm_required\">*<\/span>\r\n    <\/label>\r\n    <input type=\"email\" id=\"field_29yf4d32\" name=\"item_meta[133]\" value=\"\"  style=\"width:800px\" data-reqmsg=\"Este campo no puede estar en blanco.\" aria-required=\"true\" data-invmsg=\"Please enter a valid email address\" class=\"auto_width\" aria-invalid=\"false\"  \/>\r\n    \r\n    \r\n<\/div>\n<div id=\"frm_field_134_container\" class=\"frm_form_field form-field  frm_top_container horizontal_radio\">\r\n    <label  class=\"frm_primary_label\">Select property type\r\n        <span class=\"frm_required\"><\/span>\r\n    <\/label>\r\n    <div class=\"frm_opt_container\">\t\t<div class=\"frm_checkbox\" id=\"frm_checkbox_134-0\">\t\t\t<label  for=\"field_zeb3q2-0\">\n\t\t\t<input type=\"checkbox\" name=\"item_meta[134][]\" id=\"field_zeb3q2-0\" value=\"Apartment\"  data-invmsg=\"Select property type is invalid\"   \/> Apartment<\/label><\/div>\n\t\t<div class=\"frm_checkbox\" id=\"frm_checkbox_134-1\">\t\t\t<label  for=\"field_zeb3q2-1\">\n\t\t\t<input type=\"checkbox\" name=\"item_meta[134][]\" id=\"field_zeb3q2-1\" value=\"Townhouse\"  data-invmsg=\"Select property type is invalid\"   \/> Townhouse<\/label><\/div>\n\t\t<div class=\"frm_checkbox\" id=\"frm_checkbox_134-2\">\t\t\t<label  for=\"field_zeb3q2-2\">\n\t\t\t<input type=\"checkbox\" name=\"item_meta[134][]\" id=\"field_zeb3q2-2\" value=\"Villa\"  data-invmsg=\"Select property type is invalid\"   \/> Villa<\/label><\/div>\n\t\t<div class=\"frm_checkbox\" id=\"frm_checkbox_134-3\">\t\t\t<label  for=\"field_zeb3q2-3\">\n\t\t\t<input type=\"checkbox\" name=\"item_meta[134][]\" id=\"field_zeb3q2-3\" value=\"Plot\"  data-invmsg=\"Select property type is invalid\"   \/> Plot<\/label><\/div>\n\t\t<div class=\"frm_checkbox\" id=\"frm_checkbox_134-5\">\t\t\t<label  for=\"field_zeb3q2-5\">\n\t\t\t<input type=\"checkbox\" name=\"item_meta[134][]\" id=\"field_zeb3q2-5\" value=\"Others\"  data-invmsg=\"Select property type is invalid\"   \/> Others<\/label><\/div>\n<\/div>\r\n    \r\n    \r\n<\/div>\n<div id=\"frm_field_135_container\" class=\"frm_form_field form-field  frm_required_field frm_top_container frm_full\">\r\n    <label for=\"field_9jv0r132\" class=\"frm_primary_label\">Descriptions\r\n        <span class=\"frm_required\">*<\/span>\r\n    <\/label>\r\n    <textarea name=\"item_meta[135]\" id=\"field_9jv0r132\" rows=\"5\"  data-reqmsg=\"Este campo no puede estar en blanco.\" aria-required=\"true\" data-invmsg=\"Descriptions is invalid\" aria-invalid=\"false\"  ><\/textarea>\r\n    \r\n    \r\n<\/div>\n<div id=\"frm_field_136_container\" class=\"frm_form_field form-field  frm_none_container\">\r\n    <label for=\"g-recaptcha-response\" class=\"frm_primary_label\">Captcha\r\n        <span class=\"frm_required\"><\/span>\r\n    <\/label>\r\n    <div  id=\"field_62n6q332\" class=\"frm-g-recaptcha\" data-sitekey=\"6Ldyk-MpAAAAAJfBVuB6v3PyQ6xFzJRr5TUxJRgz\" data-size=\"invisible\" data-theme=\"light\"><\/div>\r\n    \r\n    \r\n<\/div>\n\t<input type=\"hidden\" name=\"item_key\" value=\"\" \/>\n\t\t\t<div id=\"frm_field_236_container\">\n\t\t\t<label for=\"field_zdegv\" >\n\t\t\t\tIf you are human, leave this field blank.\t\t\t<\/label>\n\t\t\t<input  id=\"field_zdegv\" type=\"text\" class=\"frm_form_field form-field frm_verify\" name=\"item_meta[236]\" value=\"\"  \/>\n\t\t<\/div>\n\t\t<input name=\"frm_state\" type=\"hidden\" value=\"j48rWwKFbOsYFU94yknxVBl\/YIcet\/oe34rM2PgKfHj6FuESc\/ibar6psJirlMAy\" \/><div class=\"frm_submit\">\r\n\r\n<button class=\"frm_button_submit frm_final_submit\" type=\"submit\"   formnovalidate=\"formnovalidate\">Send<\/button>\r\n\r\n<\/div><\/div>\n<\/fieldset>\n<\/div>\n\n<p style=\"display: none !important;\" class=\"akismet-fields-container\" data-prefix=\"ak_\"><label>&#916;<textarea name=\"ak_hp_textarea\" cols=\"45\" rows=\"8\" maxlength=\"100\"><\/textarea><\/label><input type=\"hidden\" id=\"ak_js_1\" name=\"ak_js\" value=\"68\"\/><script>document.getElementById( \"ak_js_1\" ).setAttribute( \"value\", ( new Date() ).getTime() );<\/script><\/p><\/form>\n<\/div>\n[\/vc_column_text][\/vc_column][\/vc_row][vc_row full_width=&#8221;stretch_row_content_no_spaces&#8221; parallax=&#8221;content-moving&#8221;][vc_column][\/vc_column][\/vc_row]<\/p>\n","protected":false},"excerpt":{"rendered":"<p>[vc_row][vc_column][vc_empty_space height=&#8221;60px&#8221;][\/vc_column][\/vc_row][vc_row][vc_column][vc_column_text] HOW WE SELL YOUR PROPERTY [\/vc_column_text][vc_column_text] Marbella Sky Corp offers you a professional and personalised service adapted to the evolving and competitive market that we operate in and where your property has to be in a strong position. Our experience will help you to make the best decisions and our advice will help [&hellip;]<\/p>\n","protected":false},"author":1,"featured_media":0,"parent":3776,"menu_order":0,"comment_status":"closed","ping_status":"closed","template":"template\/template-onepage.php","meta":{"footnotes":""},"class_list":["post-3790","page","type-page","status-publish","hentry"],"acf":[],"aioseo_notices":[],"_links":{"self":[{"href":"https:\/\/www.marbellaskycorp.com\/en\/wp-json\/wp\/v2\/pages\/3790\/"}],"collection":[{"href":"https:\/\/www.marbellaskycorp.com\/en\/wp-json\/wp\/v2\/pages\/"}],"about":[{"href":"https:\/\/www.marbellaskycorp.com\/en\/wp-json\/wp\/v2\/types\/page\/"}],"author":[{"embeddable":true,"href":"https:\/\/www.marbellaskycorp.com\/en\/wp-json\/wp\/v2\/users\/1\/"}],"replies":[{"embeddable":true,"href":"https:\/\/www.marbellaskycorp.com\/en\/wp-json\/wp\/v2\/comments\/?post=3790"}],"version-history":[{"count":0,"href":"https:\/\/www.marbellaskycorp.com\/en\/wp-json\/wp\/v2\/pages\/3790\/revisions\/"}],"up":[{"embeddable":true,"href":"https:\/\/www.marbellaskycorp.com\/en\/wp-json\/wp\/v2\/pages\/3776\/"}],"wp:attachment":[{"href":"https:\/\/www.marbellaskycorp.com\/en\/wp-json\/wp\/v2\/media\/?parent=3790"}],"curies":[{"name":"wp","href":"https:\/\/api.w.org\/{rel}","templated":true}]}}