{"id":3792,"date":"2017-04-25T09:10:33","date_gmt":"2017-04-25T09:10:33","guid":{"rendered":"http:\/\/www.marbellaskycorp.com\/web\/?page_id=3792\/"},"modified":"2022-03-08T11:57:15","modified_gmt":"2022-03-08T11:57:15","slug":"buying-a-properties","status":"publish","type":"page","link":"https:\/\/www.marbellaskycorp.com\/en\/services\/buying-a-properties\/","title":{"rendered":"BUYING A PROPERTIES"},"content":{"rendered":"<p>[vc_row][vc_column][vc_empty_space height=&#8221;60px&#8221;][\/vc_column][\/vc_row][vc_row][vc_column][vc_column_text]<\/p>\n<h1 style=\"text-align: center;\"><span style=\"font-weight: 100; font-family: lato;\">BUYING A PROPIERTY<\/span><\/h1>\n<p>[\/vc_column_text][vc_column_text]<\/p>\n<div class=\"wpb_text_column wpb_content_element \">\n<div class=\"wpb_wrapper\">\n<p style=\"text-align: justify;\">Marbella Sky Corp offers its customers the guarantee of being a company with extensive experience in the local market, streamlining all stages of the buying and selling process and therefore facilitating the purchases best suited to the demands of our customers.<\/p>\n<p>Achieving the dreams of our customers is our greatest desire.<\/p>\n<p>We provide a personalised purchase management service adapted to investors who wish to invest in specific assets, providing both l<a href=\"\/web?page_id=3784\">egal and comprehensive advice<\/a> for guaranteed profitability.<\/p>\n<\/div>\n<\/div>\n<p>[\/vc_column_text][\/vc_column][\/vc_row][vc_row full_width=&#8221;stretch_row&#8221; css=&#8221;.vc_custom_1488786535808{padding-top: 70px !important;background-color: #eeeeee !important;}&#8221;][vc_column][vc_column_text]<div class=\"frm_forms  with_frm_style frm_style_formidable-style\" id=\"frm_form_12_container\" >\n<form enctype=\"multipart\/form-data\" method=\"post\" class=\"frm-show-form  frm_pro_form \" id=\"form_contact24\" >\n<div class=\"frm_form_fields \">\n<fieldset>\n<legend class=\"frm_hidden\">comprar-en2<\/legend>\r\n\r\n<div class=\"frm_fields_container\">\n<input type=\"hidden\" name=\"frm_action\" value=\"create\" \/>\n<input type=\"hidden\" name=\"form_id\" value=\"12\" \/>\n<input type=\"hidden\" name=\"frm_hide_fields_12\" id=\"frm_hide_fields_12\" value=\"\" \/>\n<input type=\"hidden\" name=\"form_key\" value=\"contact24\" \/>\n<input type=\"hidden\" name=\"item_meta[0]\" value=\"\" \/>\n<input type=\"hidden\" id=\"frm_submit_entry_12\" name=\"frm_submit_entry_12\" value=\"7baf38a433\" \/><input type=\"hidden\" name=\"_wp_http_referer\" value=\"\/en\/wp-json\/wp\/v2\/pages\/3792\" \/><div id=\"frm_field_142_container\" class=\"frm_form_field form-field  frm_required_field frm_top_container frm_first frm_half\">\r\n    <label for=\"field_qh4icy5\" class=\"frm_primary_label\">Name\r\n        <span class=\"frm_required\">*<\/span>\r\n    <\/label>\r\n    <input  type=\"text\" id=\"field_qh4icy5\" name=\"item_meta[142]\" value=\"\"  data-reqmsg=\"Este campo no puede estar en blanco.\" aria-required=\"true\" data-invmsg=\"Name is invalid\" aria-invalid=\"false\"   \/>\r\n    \r\n    \r\n<\/div>\n<div id=\"frm_field_143_container\" class=\"frm_form_field form-field  frm_required_field frm_top_container frm_half\">\r\n    <label for=\"field_ocfup15\" class=\"frm_primary_label\">Last name\r\n        <span class=\"frm_required\">*<\/span>\r\n    <\/label>\r\n    <input  type=\"text\" id=\"field_ocfup15\" name=\"item_meta[143]\" value=\"\"  data-reqmsg=\"Este campo no puede estar en blanco.\" aria-required=\"true\" data-invmsg=\"Last name is invalid\" aria-invalid=\"false\"   \/>\r\n    \r\n    \r\n<\/div>\n<div id=\"frm_field_144_container\" class=\"frm_form_field form-field  frm_required_field frm_top_container frm_first frm_eighth\">\r\n    <label for=\"field_4yaqp5\" class=\"frm_primary_label\">Prefix\r\n        <span class=\"frm_required\">*<\/span>\r\n    <\/label>\r\n    <input  type=\"text\" id=\"field_4yaqp5\" name=\"item_meta[144]\" value=\"\"  data-reqmsg=\"Este campo no puede estar en blanco.\" aria-required=\"true\" data-invmsg=\"Prefix is invalid\" aria-invalid=\"false\"   \/>\r\n    \r\n    \r\n<\/div>\n<div id=\"frm_field_145_container\" class=\"frm_form_field form-field  frm_required_field frm_top_container frm_fourth\">\r\n    <label for=\"field_5l5ly5\" class=\"frm_primary_label\">Phone number\r\n        <span class=\"frm_required\">*<\/span>\r\n    <\/label>\r\n    <input type=\"tel\" id=\"field_5l5ly5\" name=\"item_meta[145]\" value=\"\"  data-reqmsg=\"Este campo no puede estar en blanco.\" aria-required=\"true\" data-invmsg=\"N\u00famero de tel\u00e9fono no es v\u00e1lido\" aria-invalid=\"false\" pattern=\"((\\+\\d{1,3}(-|.| )?\\(?\\d\\)?(-| |.)?\\d{1,5})|(\\(?\\d{2,6}\\)?))(-|.| )?(\\d{3,4})(-|.| )?(\\d{4})(( x| ext)\\d{1,5}){0,1}$\"  \/>\r\n    \r\n    \r\n<\/div>\n<div id=\"frm_field_146_container\" class=\"frm_form_field form-field  frm_required_field frm_top_container frm_third\">\r\n    <label for=\"field_29yf4d5\" class=\"frm_primary_label\">Email\r\n        <span class=\"frm_required\">*<\/span>\r\n    <\/label>\r\n    <input type=\"email\" id=\"field_29yf4d5\" name=\"item_meta[146]\" value=\"\"  style=\"width:800px\" data-reqmsg=\"Este campo no puede estar en blanco.\" aria-required=\"true\" data-invmsg=\"Please enter a valid email address\" class=\"auto_width\" aria-invalid=\"false\"  \/>\r\n    \r\n    \r\n<\/div>\n<div id=\"frm_field_147_container\" class=\"frm_form_field form-field  frm_required_field frm_top_container frm_eighth\">\r\n    <label for=\"field_20vm3\" class=\"frm_primary_label\">Price from\r\n        <span class=\"frm_required\">*<\/span>\r\n    <\/label>\r\n    \t\t<select name=\"item_meta[147]\" id=\"field_20vm3\"  data-reqmsg=\"Este campo no puede estar en blanco.\" aria-required=\"true\" data-invmsg=\"Price from is invalid\" class=\"auto_width\" aria-invalid=\"false\"  >\n\t\t<option  value=\"\" selected='selected'> <\/option><option  value=\"100.000\u20ac \">100.000\u20ac <\/option><option  value=\"200.000\u20ac \">200.000\u20ac <\/option><option  value=\"300.000\u20ac \">300.000\u20ac <\/option><option  value=\"400.000\u20ac \">400.000\u20ac <\/option><option  value=\"500.000\u20ac \">500.000\u20ac <\/option><option  value=\"750.000\u20ac \">750.000\u20ac <\/option><option  value=\"1.000.000\u20ac \">1.000.000\u20ac <\/option><option  value=\"2.000.000\u20ac\">2.000.000\u20ac<\/option><option  value=\"3.000.000\u20ac \">3.000.000\u20ac <\/option><option  value=\"4.000.000\u20ac\">4.000.000\u20ac<\/option><option  value=\"5.000.000\u20ac\">5.000.000\u20ac<\/option><option  value=\"+10.000.000\u20ac\">+10.000.000\u20ac<\/option>\t<\/select>\n\t\r\n    \r\n    \r\n<\/div>\n<div id=\"frm_field_148_container\" class=\"frm_form_field form-field  frm_required_field frm_top_container frm_eighth\">\r\n    <label for=\"field_g5spy2\" class=\"frm_primary_label\">Price up to\r\n        <span class=\"frm_required\">*<\/span>\r\n    <\/label>\r\n    \t\t<select name=\"item_meta[148]\" id=\"field_g5spy2\"  data-reqmsg=\"Este campo no puede estar en blanco.\" aria-required=\"true\" data-invmsg=\"Price up to is invalid\" class=\"auto_width\" aria-invalid=\"false\"  >\n\t\t<option  value=\"\" selected='selected'> <\/option><option  value=\"100.000\u20ac \">100.000\u20ac <\/option><option  value=\"200.000\u20ac \">200.000\u20ac <\/option><option  value=\"300.000\u20ac \">300.000\u20ac <\/option><option  value=\"400.000\u20ac \">400.000\u20ac <\/option><option  value=\"500.000\u20ac \">500.000\u20ac <\/option><option  value=\"750.000\u20ac \">750.000\u20ac <\/option><option  value=\"1.000.000\u20ac \">1.000.000\u20ac <\/option><option  value=\"2.000.000\u20ac\">2.000.000\u20ac<\/option><option  value=\"3.000.000\u20ac \">3.000.000\u20ac <\/option><option  value=\"4.000.000\u20ac\">4.000.000\u20ac<\/option><option  value=\"5.000.000\u20ac\">5.000.000\u20ac<\/option><option  value=\"+10.000.000\u20ac\">+10.000.000\u20ac<\/option>\t<\/select>\n\t\r\n    \r\n    \r\n<\/div>\n<div id=\"frm_field_149_container\" class=\"frm_form_field form-field  frm_required_field frm_top_container frm_full\">\r\n    <label for=\"field_9jv0r15\" class=\"frm_primary_label\">Descriptions\r\n        <span class=\"frm_required\">*<\/span>\r\n    <\/label>\r\n    <textarea name=\"item_meta[149]\" id=\"field_9jv0r15\" rows=\"5\"  data-reqmsg=\"Este campo no puede estar en blanco.\" aria-required=\"true\" data-invmsg=\"Descriptions is invalid\" aria-invalid=\"false\"  ><\/textarea>\r\n    \r\n    \r\n<\/div>\n<div id=\"frm_field_150_container\" class=\"frm_form_field form-field  frm_none_container\">\r\n    <label for=\"g-recaptcha-response\" class=\"frm_primary_label\">Captcha\r\n        <span class=\"frm_required\"><\/span>\r\n    <\/label>\r\n    <div  id=\"field_62n6q35\" class=\"frm-g-recaptcha\" data-sitekey=\"6Ldyk-MpAAAAAJfBVuB6v3PyQ6xFzJRr5TUxJRgz\" data-size=\"invisible\" data-theme=\"light\"><\/div>\r\n    \r\n    \r\n<\/div>\n\t<input type=\"hidden\" name=\"item_key\" value=\"\" \/>\n\t\t\t<div id=\"frm_field_236_container\">\n\t\t\t<label for=\"field_jtf00\" >\n\t\t\t\tIf you are human, leave this field blank.\t\t\t<\/label>\n\t\t\t<input  id=\"field_jtf00\" type=\"text\" class=\"frm_form_field form-field frm_verify\" name=\"item_meta[236]\" value=\"\"  \/>\n\t\t<\/div>\n\t\t<input name=\"frm_state\" type=\"hidden\" value=\"j48rWwKFbOsYFU94yknxVMcsDO5B4TDPt0URNInQlD36FuESc\/ibar6psJirlMAy\" \/><div class=\"frm_submit\">\r\n\r\n<button class=\"frm_button_submit frm_final_submit\" type=\"submit\"   formnovalidate=\"formnovalidate\">Send<\/button>\r\n\r\n<\/div><\/div>\n<\/fieldset>\n<\/div>\n\n<p style=\"display: none !important;\" class=\"akismet-fields-container\" data-prefix=\"ak_\"><label>&#916;<textarea name=\"ak_hp_textarea\" cols=\"45\" rows=\"8\" maxlength=\"100\"><\/textarea><\/label><input type=\"hidden\" id=\"ak_js_1\" name=\"ak_js\" value=\"14\"\/><script>document.getElementById( \"ak_js_1\" ).setAttribute( \"value\", ( new Date() ).getTime() );<\/script><\/p><\/form>\n<\/div>\n[\/vc_column_text][\/vc_column][\/vc_row][vc_row full_width=&#8221;stretch_row_content_no_spaces&#8221; parallax=&#8221;content-moving&#8221;][vc_column][\/vc_column][\/vc_row]<\/p>\n","protected":false},"excerpt":{"rendered":"<p>[vc_row][vc_column][vc_empty_space height=&#8221;60px&#8221;][\/vc_column][\/vc_row][vc_row][vc_column][vc_column_text] BUYING A PROPIERTY [\/vc_column_text][vc_column_text] Marbella Sky Corp offers its customers the guarantee of being a company with extensive experience in the local market, streamlining all stages of the buying and selling process and therefore facilitating the purchases best suited to the demands of our customers. Achieving the dreams of our customers is our [&hellip;]<\/p>\n","protected":false},"author":1,"featured_media":0,"parent":3776,"menu_order":0,"comment_status":"closed","ping_status":"closed","template":"template\/template-onepage.php","meta":{"footnotes":""},"class_list":["post-3792","page","type-page","status-publish","hentry"],"acf":[],"aioseo_notices":[],"_links":{"self":[{"href":"https:\/\/www.marbellaskycorp.com\/en\/wp-json\/wp\/v2\/pages\/3792\/"}],"collection":[{"href":"https:\/\/www.marbellaskycorp.com\/en\/wp-json\/wp\/v2\/pages\/"}],"about":[{"href":"https:\/\/www.marbellaskycorp.com\/en\/wp-json\/wp\/v2\/types\/page\/"}],"author":[{"embeddable":true,"href":"https:\/\/www.marbellaskycorp.com\/en\/wp-json\/wp\/v2\/users\/1\/"}],"replies":[{"embeddable":true,"href":"https:\/\/www.marbellaskycorp.com\/en\/wp-json\/wp\/v2\/comments\/?post=3792"}],"version-history":[{"count":0,"href":"https:\/\/www.marbellaskycorp.com\/en\/wp-json\/wp\/v2\/pages\/3792\/revisions\/"}],"up":[{"embeddable":true,"href":"https:\/\/www.marbellaskycorp.com\/en\/wp-json\/wp\/v2\/pages\/3776\/"}],"wp:attachment":[{"href":"https:\/\/www.marbellaskycorp.com\/en\/wp-json\/wp\/v2\/media\/?parent=3792"}],"curies":[{"name":"wp","href":"https:\/\/api.w.org\/{rel}","templated":true}]}}