{"id":3312,"date":"2017-03-05T09:44:21","date_gmt":"2017-03-05T09:44:21","guid":{"rendered":"http:\/\/www.marbellaskycorp.com\/web\/?page_id=3312"},"modified":"2024-03-13T12:50:02","modified_gmt":"2024-03-13T12:50:02","slug":"nosotros","status":"publish","type":"page","link":"https:\/\/www.marbellaskycorp.com\/es\/nosotros\/","title":{"rendered":"Nosotros"},"content":{"rendered":"<p>[vc_row][vc_column][vc_empty_space height=\u00bb100px\u00bb][\/vc_column][\/vc_row][vc_row][vc_column width=\u00bb1\/4&#8243;][vc_single_image image=\u00bb19335&#8243; img_size=\u00bbfull\u00bb][\/vc_column][vc_column width=\u00bb3\/4&#8243;][vc_column_text]<\/p>\n<h1><span style=\"font-weight: 100; font-family: lato;\">MARBELLA<\/span>SKYCORP<\/h1>\n<p>[\/vc_column_text][vc_column_text]Marbella Sky Corp parece un actor experimentado y de buena reputaci\u00f3n en el sector inmobiliario, especialmente con C\u00e9dric Bredoux a la cabeza. Su amplia experiencia que abarca m\u00e1s de dos d\u00e9cadas refleja su profundo conocimiento de la din\u00e1mica del mercado, tanto a nivel local como internacional.<\/p>\n<p>Su compromiso de brindar asesoramiento profesional y garantizar la seguridad y confianza de sus clientes en las transacciones inmobiliarias es encomiable. Al ofrecer una amplia gama de servicios, incluida la venta de promociones inmobiliarias, propiedades de lujo, activos bancarios, subastas y terrenos, atienden a diversos segmentos del mercado, demostrando su versatilidad y experiencia.<\/p>\n<p>Adem\u00e1s, su enfoque en ayudar a los clientes a encontrar las mejores propiedades y facilitar transacciones en condiciones favorables subraya su dedicaci\u00f3n a la satisfacci\u00f3n del cliente.<\/p>\n<p>El \u00e9nfasis en brindar asesoramiento integral y gestionar inversiones para garantizar la m\u00e1xima rentabilidad muestra su compromiso de agregar valor a las carteras de sus clientes.<\/p>\n<p>En general, Marbella Sky Corp parece ser un socio confiable para personas e inversores que buscan orientaci\u00f3n y apoyo para navegar por el intrincado panorama de las transacciones inmobiliarias.[\/vc_column_text][\/vc_column][\/vc_row][vc_row][vc_column][vc_empty_space height=\u00bb50px\u00bb][\/vc_column][\/vc_row][vc_row full_width=\u00bbstretch_row\u00bb css=\u00bb.vc_custom_1494348077504{background-color: #eeeeee !important;}\u00bb][vc_column][vc_empty_space height=\u00bb50px\u00bb][vc_column_text]<\/p>\n<h1 style=\"text-align: center;\"><span style=\"font-weight: 100; font-family: lato;\">SERVICIOS<\/span><\/h1>\n<p>[\/vc_column_text][vc_empty_space height=\u00bb30px\u00bb][vc_row_inner][vc_column_inner el_class=\u00bbblock-about-services\u00bb width=\u00bb1\/3&#8243; css=\u00bb.vc_custom_1582189993016{background-color: #ffffff !important;}\u00bb][vc_single_image image=\u00bb12245&#8243; alignment=\u00bbcenter\u00bb][vc_column_text]<\/p>\n<p style=\"text-align: center;\"><strong>COMPRAR UNA PROPIEDAD<\/strong><\/p>\n<p style=\"text-align: center;\">Marbella Sky Corp ofrece a sus clientes la garant\u00eda de ser una empresa que posee una gran experiencia en el mercado local, agilizando todos los tr\u00e1mites del proceso de compra venta.<\/p>\n<p>[\/vc_column_text][vc_btn title=\u00bbVer m\u00e1s\u00bb style=\u00bbflat\u00bb shape=\u00bbsquare\u00bb align=\u00bbcenter\u00bb link=\u00bburl:https%3A%2F%2Fwww.marbellaskycorp.com%2Fes%2Fservicios%2Fcomprar-una-propiedad%2F|title:Comprar%20una%20propiedad||\u00bb][\/vc_column_inner][vc_column_inner el_class=\u00bbblock-about-services\u00bb width=\u00bb1\/3&#8243;][vc_single_image image=\u00bb12187&#8243; alignment=\u00bbcenter\u00bb][vc_column_text]<\/p>\n<p style=\"text-align: center;\"><strong>VENDER UNA PROPIEDAD<\/strong><\/p>\n<p style=\"text-align: center;\">Marbella Sky Corp le ofrece un servicio profesional y personalizado adecuado al mercado evolutivo y competitivo en el que nos encontramos y donde su propiedad tiene que estar en un lugar prioritario.<\/p>\n<p>[\/vc_column_text][vc_btn title=\u00bbVer m\u00e1s\u00bb style=\u00bbflat\u00bb shape=\u00bbsquare\u00bb align=\u00bbcenter\u00bb link=\u00bburl:https%3A%2F%2Fwww.marbellaskycorp.com%2Fes%2Fservicios%2Fvender-una-propiedad%2F|title:Vender%20una%20propiedad||\u00bb][\/vc_column_inner][vc_column_inner el_class=\u00bbblock-about-services\u00bb width=\u00bb1\/3&#8243;][vc_single_image image=\u00bb3506&#8243; alignment=\u00bbcenter\u00bb][vc_column_text]<\/p>\n<p style=\"text-align: center;\"><strong>ASESORAMIENTO LEGAL Y FISCAL<\/strong><\/p>\n<p style=\"text-align: center;\">Marbella Sky Corp colabora estrechamente con varios bufetes de abogados, quienes asesoran a nuestros clientes en todo el proceso legal y fiscal de la compra y venta de nuestros productos inmobiliarios.<\/p>\n<p>[\/vc_column_text][vc_btn title=\u00bbVer m\u00e1s\u00bb style=\u00bbflat\u00bb shape=\u00bbsquare\u00bb align=\u00bbcenter\u00bb link=\u00bburl:https%3A%2F%2Fwww.marbellaskycorp.com%2Fes%2Fservicios%2Fasesoramiento-legal-y-fiscal%2F|title:Asesoramiento%20legal%20y%20fiscal||\u00bb][\/vc_column_inner][\/vc_row_inner][vc_empty_space height=\u00bb30px\u00bb][vc_row_inner][vc_column_inner el_class=\u00bbblock-about-services\u00bb width=\u00bb1\/3&#8243; css=\u00bb.vc_custom_1582189880357{background-color: #ffffff !important;}\u00bb][vc_single_image image=\u00bb12257&#8243; alignment=\u00bbcenter\u00bb][vc_column_text]<\/p>\n<p style=\"text-align: center;\"><strong>ASESORAMIENTO INTEGRAL<\/strong><\/p>\n<p style=\"text-align: center;\">Marbella Sky Corp realiza un asesoramiento global de inversi\u00f3n. Se aconseja c\u00f3mo invertir el capital de la manera m\u00e1s eficiente y seguro en Espa\u00f1a.<\/p>\n<p>[\/vc_column_text][vc_btn title=\u00bbVer m\u00e1s\u00bb style=\u00bbflat\u00bb shape=\u00bbsquare\u00bb align=\u00bbcenter\u00bb link=\u00bburl:https%3A%2F%2Fwww.marbellaskycorp.com%2Fes%2Fservicios%2Fasesoramiento-integral%2F|title:Asesoramiento%20integral||\u00bb][\/vc_column_inner][vc_column_inner el_class=\u00bbblock-about-services\u00bb width=\u00bb1\/3&#8243;][vc_single_image image=\u00bb12195&#8243; alignment=\u00bbcenter\u00bb][vc_column_text]<\/p>\n<p style=\"text-align: center;\"><strong>RENOVACI\u00d3N Y CONSTRUCCI\u00d3N<\/strong><\/p>\n<p style=\"text-align: center;\">Marbella Sky Corp tiene una gran trayectoria en reformas de inmuebles, desde peque\u00f1as reformas hasta grandes obras de gran envergadura en apartamentos y villas de lujo.<\/p>\n<p>[\/vc_column_text][vc_btn title=\u00bbVer m\u00e1s\u00bb style=\u00bbflat\u00bb shape=\u00bbsquare\u00bb align=\u00bbcenter\u00bb link=\u00bburl:https%3A%2F%2Fwww.marbellaskycorp.com%2Fes%2Fservicios%2Frenovacion-y-construccion%2F|title:Renovacion%20y%20construccion||\u00bb][\/vc_column_inner][vc_column_inner el_class=\u00bbblock-about-services\u00bb width=\u00bb1\/3&#8243;][vc_single_image image=\u00bb12237&#8243; alignment=\u00bbcenter\u00bb][vc_column_text]<\/p>\n<p style=\"text-align: center;\"><strong>DISE\u00d1O DE INTERIORES<\/strong><\/p>\n<p style=\"text-align: center;\">No hay segundas oportunidades para una primera impresi\u00f3n. La presentaci\u00f3n de una propiedad, es crucial a la hora de vender o comprar.<\/p>\n<p>[\/vc_column_text][vc_btn title=\u00bbVer m\u00e1s\u00bb style=\u00bbflat\u00bb shape=\u00bbsquare\u00bb align=\u00bbcenter\u00bb][\/vc_column_inner][\/vc_row_inner][vc_empty_space height=\u00bb30px\u00bb][\/vc_column][\/vc_row][vc_row full_width=\u00bbstretch_row_content_no_spaces\u00bb parallax=\u00bbcontent-moving\u00bb][vc_column][\/vc_column][\/vc_row]<\/p>\n","protected":false},"excerpt":{"rendered":"<p>[vc_row][vc_column][vc_empty_space height=\u00bb100px\u00bb][\/vc_column][\/vc_row][vc_row][vc_column width=\u00bb1\/4&#8243;][vc_single_image image=\u00bb19335&#8243; img_size=\u00bbfull\u00bb][\/vc_column][vc_column width=\u00bb3\/4&#8243;][vc_column_text] MARBELLASKYCORP [\/vc_column_text][vc_column_text]Marbella Sky Corp parece un actor experimentado y de buena reputaci\u00f3n en el sector inmobiliario, especialmente con C\u00e9dric Bredoux a la cabeza. Su amplia experiencia que abarca m\u00e1s de dos d\u00e9cadas refleja su profundo conocimiento de la din\u00e1mica del mercado, tanto a nivel local como internacional. Su compromiso [&hellip;]<\/p>\n","protected":false},"author":1,"featured_media":0,"parent":0,"menu_order":0,"comment_status":"closed","ping_status":"closed","template":"template\/template-onepage.php","meta":{"footnotes":""},"class_list":["post-3312","page","type-page","status-publish","hentry"],"acf":[],"aioseo_notices":[],"_links":{"self":[{"href":"https:\/\/www.marbellaskycorp.com\/es\/wp-json\/wp\/v2\/pages\/3312\/"}],"collection":[{"href":"https:\/\/www.marbellaskycorp.com\/es\/wp-json\/wp\/v2\/pages\/"}],"about":[{"href":"https:\/\/www.marbellaskycorp.com\/es\/wp-json\/wp\/v2\/types\/page\/"}],"author":[{"embeddable":true,"href":"https:\/\/www.marbellaskycorp.com\/es\/wp-json\/wp\/v2\/users\/1\/"}],"replies":[{"embeddable":true,"href":"https:\/\/www.marbellaskycorp.com\/es\/wp-json\/wp\/v2\/comments\/?post=3312"}],"version-history":[{"count":0,"href":"https:\/\/www.marbellaskycorp.com\/es\/wp-json\/wp\/v2\/pages\/3312\/revisions\/"}],"wp:attachment":[{"href":"https:\/\/www.marbellaskycorp.com\/es\/wp-json\/wp\/v2\/media\/?parent=3312"}],"curies":[{"name":"wp","href":"https:\/\/api.w.org\/{rel}","templated":true}]}}