{"id":3344,"date":"2017-03-05T18:28:15","date_gmt":"2017-03-05T18:28:15","guid":{"rendered":"http:\/\/www.marbellaskycorp.com\/web\/?page_id=3344"},"modified":"2024-10-03T08:35:22","modified_gmt":"2024-10-03T08:35:22","slug":"propiedades-en-alquiler","status":"publish","type":"page","link":"https:\/\/www.marbellaskycorp.com\/es\/propiedades\/propiedades-en-alquiler\/","title":{"rendered":"Propiedades en alquiler"},"content":{"rendered":"<p>[vc_row][vc_column][vc_empty_space height=\u00bb60px\u00bb][vc_column_text]<\/p>\n<h1 style=\"text-align: center;\"><span style=\"font-weight: 100;\">PROPIEDADES EN <\/span>ALQUILER<\/h1>\n<h5 style=\"text-align: center; font-size: 12px; color: #666666;\">MIJAS COSTA &#8211; MARBELLA &#8211; GUADALMINA &#8211; LA MILLA DE ORO &#8211; NUEVA ANDALUC\u00cdA &#8211; SAN PEDRO DE ALC\u00c1NTARA &#8211; PUERTO BAN\u00daS<br \/>\nCASASOLA &#8211; BENAHAVIS &#8211; LA ALQUER\u00cdA &#8211; LA QUINTA &#8211; LOS FLAMINGOS &#8211; EL MADRO\u00d1AL &#8211; ESTEPONA &#8211; LA ZAGALETA &#8211; CASARES<\/h5>\n<p>[\/vc_column_text][\/vc_column][\/vc_row][vc_row][vc_column][vc_column_text]\t\t<div id=\"properties_module_section\" class=\"houzez-module property-item-module\">\r\n\t\t\t<div id=\"properties_module_container\">\r\n\t\t\t\t<div id=\"module_properties\" class=\"property-listing grid-view\">\r\n\r\n\t\t\t\t\t\n<div id=\"ID-123807\" class=\"item-wrap infobox_trigger item-villa-moderna-de-5-dormitorios-con-impresionantes-vistas-al-mar-en-el-rosario\">\n    <div class=\"property-item table-list\">\n        <div class=\"table-cell\">\n            <div class=\"figure-block\">\n                <figure class=\"item-thumb\">\n\n                    \n                    <div class=\"label-wrap label-right hide-on-list\">\n                        <span class=\"label-status label-status-287 label label-default\">Zona Golf<\/span><span class=\"label-status label-status-289 label label-default\">Zona Monta\u00f1a<\/span><span class=\"label label-default label-color-586\">Villas<\/span>                    <\/div>\n\n                    <div class=\"price hide-on-list\"><span class=\"item-price\">8,000 \u20ac<\/span><\/div>\n                    <a class=\"hover-effect\" href=\"https:\/\/www.marbellaskycorp.com\/es\/propierty\/modern-5-bedroom-villa-with-stunning-sea-views-in-el-rosario\/\">\n                        <img loading=\"lazy\" decoding=\"async\" width=\"385\" height=\"258\" src=\"https:\/\/www.marbellaskycorp.com\/wp-content\/uploads\/2026\/01\/3-1-385x258.jpg\" class=\"attachment-houzez-property-thumb-image size-houzez-property-thumb-image wp-post-image\" alt=\"\" srcset=\"https:\/\/www.marbellaskycorp.com\/wp-content\/uploads\/2026\/01\/3-1-385x258.jpg 385w, https:\/\/www.marbellaskycorp.com\/wp-content\/uploads\/2026\/01\/3-1-300x200.jpg 300w, https:\/\/www.marbellaskycorp.com\/wp-content\/uploads\/2026\/01\/3-1-1024x683.jpg 1024w, https:\/\/www.marbellaskycorp.com\/wp-content\/uploads\/2026\/01\/3-1-768x512.jpg 768w, https:\/\/www.marbellaskycorp.com\/wp-content\/uploads\/2026\/01\/3-1-150x100.jpg 150w, https:\/\/www.marbellaskycorp.com\/wp-content\/uploads\/2026\/01\/3-1.jpg 1200w\" sizes=\"auto, (max-width: 385px) 100vw, 385px\" \/>                    <\/a>\n                                    <\/figure>\n            <\/div>\n        <\/div>\n        <div class=\"item-body table-cell\">\n\n            <div class=\"body-left table-cell\">\n                <div class=\"info-row\">\n                    <div class=\"label-wrap hide-on-grid\">\n                        <span class=\"label-status label-status-287 label label-default\">Zona Golf<\/span><span class=\"label-status label-status-289 label label-default\">Zona Monta\u00f1a<\/span><span class=\"label label-default label-color-586\">Villas<\/span>                    <\/div>\n                    <h2 class=\"property-title\"><a href=\"https:\/\/www.marbellaskycorp.com\/es\/propierty\/modern-5-bedroom-villa-with-stunning-sea-views-in-el-rosario\/\">Villa moderna de 5 dormitorios con impresionantes vistas al mar en El Rosario<\/a><\/h2>                <\/div>\n                <div class=\"info-row amenities hide-on-grid\">\n                    <p><span>Dormitorios: 5<\/span><span>Ba\u00f1os: 4<\/span><\/p>                    <p>Propiedades en alquiler<\/p>\n                <\/div>\n\n                \n            <\/div>\n            <div class=\"body-right table-cell hidden-gird-cell\">\n\n                <div class=\"info-row price\"><span class=\"item-price\">8,000 \u20ac<\/span><\/div>\n\n                <div class=\"info-row phone text-right\">\n                    <a href=\"https:\/\/www.marbellaskycorp.com\/es\/propierty\/modern-5-bedroom-villa-with-stunning-sea-views-in-el-rosario\/\" class=\"btn btn-primary\">Detalles <i class=\"fa fa-angle-right fa-right\"><\/i><\/a>\n                <\/div>\n            <\/div>\n\n            <div class=\"table-list full-width hide-on-list\">\n                <div class=\"cell\">\n                    <div class=\"info-row amenities\">\n                        <p><span>Dormitorios: 5<\/span><span>Ba\u00f1os: 4<\/span><\/p>                        <p>Propiedades en alquiler<\/p>\n\n                    <\/div>\n                <\/div>\n                <div class=\"cell\">\n                    <div class=\"phone\">\n                        <a href=\"https:\/\/www.marbellaskycorp.com\/es\/propierty\/modern-5-bedroom-villa-with-stunning-sea-views-in-el-rosario\/\" class=\"btn btn-primary\"> Detalles <i class=\"fa fa-angle-right fa-right\"><\/i><\/a>\n                    <\/div>\n                <\/div>\n            <\/div>\n        <\/div>\n    <\/div>\n\n    \n<\/div>\n<div id=\"ID-115510\" class=\"item-wrap infobox_trigger item-apartamento-con-3-dormitorios-para-alquiler-de-larga-estancia-en-elviria-marbella-este\">\n    <div class=\"property-item table-list\">\n        <div class=\"table-cell\">\n            <div class=\"figure-block\">\n                <figure class=\"item-thumb\">\n\n                    \n                    <div class=\"label-wrap label-right hide-on-list\">\n                        <span class=\"label-status label-status-287 label label-default\">Zona Golf<\/span><span class=\"label-status label-status-289 label label-default\">Zona Monta\u00f1a<\/span><span class=\"label label-default label-color-600\">Apartamentos<\/span>                    <\/div>\n\n                    <div class=\"price hide-on-list\"><span class=\"item-price\">1,800 \u20ac<\/span><\/div>\n                    <a class=\"hover-effect\" href=\"https:\/\/www.marbellaskycorp.com\/es\/propierty\/3-bedroom-apartment-for-long-term-rent-in-elviria\/\">\n                        <img loading=\"lazy\" decoding=\"async\" width=\"385\" height=\"258\" src=\"https:\/\/www.marbellaskycorp.com\/wp-content\/uploads\/2025\/08\/FOTOS-LOW-RESOLUTION3D-LOW-RESOLUTIONHEAVEN-MARBELLAVISTAS-2-385x258.jpeg\" class=\"attachment-houzez-property-thumb-image size-houzez-property-thumb-image wp-post-image\" alt=\"\" \/>                    <\/a>\n                                    <\/figure>\n            <\/div>\n        <\/div>\n        <div class=\"item-body table-cell\">\n\n            <div class=\"body-left table-cell\">\n                <div class=\"info-row\">\n                    <div class=\"label-wrap hide-on-grid\">\n                        <span class=\"label-status label-status-287 label label-default\">Zona Golf<\/span><span class=\"label-status label-status-289 label label-default\">Zona Monta\u00f1a<\/span><span class=\"label label-default label-color-600\">Apartamentos<\/span>                    <\/div>\n                    <h2 class=\"property-title\"><a href=\"https:\/\/www.marbellaskycorp.com\/es\/propierty\/3-bedroom-apartment-for-long-term-rent-in-elviria\/\">Apartamento con 3 dormitorios para alquiler de larga estancia en Elviria, Marbella este<\/a><\/h2>                <\/div>\n                <div class=\"info-row amenities hide-on-grid\">\n                    <p><span>Dormitorios: 3<\/span><span>Ba\u00f1os: 3<\/span><\/p>                    <p>Propiedades en alquiler<\/p>\n                <\/div>\n\n                \n            <\/div>\n            <div class=\"body-right table-cell hidden-gird-cell\">\n\n                <div class=\"info-row price\"><span class=\"item-price\">1,800 \u20ac<\/span><\/div>\n\n                <div class=\"info-row phone text-right\">\n                    <a href=\"https:\/\/www.marbellaskycorp.com\/es\/propierty\/3-bedroom-apartment-for-long-term-rent-in-elviria\/\" class=\"btn btn-primary\">Detalles <i class=\"fa fa-angle-right fa-right\"><\/i><\/a>\n                <\/div>\n            <\/div>\n\n            <div class=\"table-list full-width hide-on-list\">\n                <div class=\"cell\">\n                    <div class=\"info-row amenities\">\n                        <p><span>Dormitorios: 3<\/span><span>Ba\u00f1os: 3<\/span><\/p>                        <p>Propiedades en alquiler<\/p>\n\n                    <\/div>\n                <\/div>\n                <div class=\"cell\">\n                    <div class=\"phone\">\n                        <a href=\"https:\/\/www.marbellaskycorp.com\/es\/propierty\/3-bedroom-apartment-for-long-term-rent-in-elviria\/\" class=\"btn btn-primary\"> Detalles <i class=\"fa fa-angle-right fa-right\"><\/i><\/a>\n                    <\/div>\n                <\/div>\n            <\/div>\n        <\/div>\n    <\/div>\n\n    \n<\/div>\n<div id=\"ID-43820\" class=\"item-wrap infobox_trigger item-atico-en-alzambra-vasari-cerca-de-puerto-banus\">\n    <div class=\"property-item table-list\">\n        <div class=\"table-cell\">\n            <div class=\"figure-block\">\n                <figure class=\"item-thumb\">\n\n                    \n                    <div class=\"label-wrap label-right hide-on-list\">\n                        <span class=\"label-status label-status-287 label label-default\">Zona Golf<\/span><span class=\"label-status label-status-289 label label-default\">Zona Monta\u00f1a<\/span><span class=\"label-status label-status-286 label label-default\">Zona Playa<\/span><span class=\"label label-default label-color-599\">\u00c1ticos<\/span>                    <\/div>\n\n                    <div class=\"price hide-on-list\"><span class=\"item-price\">7,500 \u20ac<\/span><\/div>\n                    <a class=\"hover-effect\" href=\"https:\/\/www.marbellaskycorp.com\/es\/propierty\/penthouse-in-alzambra-vasari-close-to-puerto-banus\/\">\n                        <img loading=\"lazy\" decoding=\"async\" width=\"385\" height=\"258\" src=\"https:\/\/www.marbellaskycorp.com\/wp-content\/uploads\/2022\/01\/IMG_3596-1-385x258.jpeg\" class=\"attachment-houzez-property-thumb-image size-houzez-property-thumb-image wp-post-image\" alt=\"\" \/>                    <\/a>\n                                    <\/figure>\n            <\/div>\n        <\/div>\n        <div class=\"item-body table-cell\">\n\n            <div class=\"body-left table-cell\">\n                <div class=\"info-row\">\n                    <div class=\"label-wrap hide-on-grid\">\n                        <span class=\"label-status label-status-287 label label-default\">Zona Golf<\/span><span class=\"label-status label-status-289 label label-default\">Zona Monta\u00f1a<\/span><span class=\"label-status label-status-286 label label-default\">Zona Playa<\/span><span class=\"label label-default label-color-599\">\u00c1ticos<\/span>                    <\/div>\n                    <h2 class=\"property-title\"><a href=\"https:\/\/www.marbellaskycorp.com\/es\/propierty\/penthouse-in-alzambra-vasari-close-to-puerto-banus\/\">\u00c1tico en Alzambra Vasari cerca de Puerto Ban\u00fas<\/a><\/h2>                <\/div>\n                <div class=\"info-row amenities hide-on-grid\">\n                    <p><span>Dormitorios: 4<\/span><span>Ba\u00f1os: 3<\/span><\/p>                    <p>Propiedades en alquiler<\/p>\n                <\/div>\n\n                \n            <\/div>\n            <div class=\"body-right table-cell hidden-gird-cell\">\n\n                <div class=\"info-row price\"><span class=\"item-price\">7,500 \u20ac<\/span><\/div>\n\n                <div class=\"info-row phone text-right\">\n                    <a href=\"https:\/\/www.marbellaskycorp.com\/es\/propierty\/penthouse-in-alzambra-vasari-close-to-puerto-banus\/\" class=\"btn btn-primary\">Detalles <i class=\"fa fa-angle-right fa-right\"><\/i><\/a>\n                <\/div>\n            <\/div>\n\n            <div class=\"table-list full-width hide-on-list\">\n                <div class=\"cell\">\n                    <div class=\"info-row amenities\">\n                        <p><span>Dormitorios: 4<\/span><span>Ba\u00f1os: 3<\/span><\/p>                        <p>Propiedades en alquiler<\/p>\n\n                    <\/div>\n                <\/div>\n                <div class=\"cell\">\n                    <div class=\"phone\">\n                        <a href=\"https:\/\/www.marbellaskycorp.com\/es\/propierty\/penthouse-in-alzambra-vasari-close-to-puerto-banus\/\" class=\"btn btn-primary\"> Detalles <i class=\"fa fa-angle-right fa-right\"><\/i><\/a>\n                    <\/div>\n                <\/div>\n            <\/div>\n        <\/div>\n    <\/div>\n\n    \n<\/div>\n<div id=\"ID-29776\" class=\"item-wrap infobox_trigger item-casa-adosada-con-4-dormitorio-en-alzambra-vasari-cerca-de-puerto-banus\">\n    <div class=\"property-item table-list\">\n        <div class=\"table-cell\">\n            <div class=\"figure-block\">\n                <figure class=\"item-thumb\">\n\n                    \n                    <div class=\"label-wrap label-right hide-on-list\">\n                        <span class=\"label-status label-status-287 label label-default\">Zona Golf<\/span><span class=\"label-status label-status-289 label label-default\">Zona Monta\u00f1a<\/span><span class=\"label label-default label-color-601\">Adosados<\/span>                    <\/div>\n\n                    <div class=\"price hide-on-list\"><span class=\"item-price\">7,000 \u20ac<\/span><\/div>\n                    <a class=\"hover-effect\" href=\"https:\/\/www.marbellaskycorp.com\/es\/propierty\/townhouse-in-alzambra-vasari-close-to-puerto-banus\/\">\n                        <img loading=\"lazy\" decoding=\"async\" width=\"385\" height=\"258\" src=\"https:\/\/www.marbellaskycorp.com\/wp-content\/uploads\/2020\/09\/1.0-385x258.jpeg\" class=\"attachment-houzez-property-thumb-image size-houzez-property-thumb-image wp-post-image\" alt=\"\" \/>                    <\/a>\n                                    <\/figure>\n            <\/div>\n        <\/div>\n        <div class=\"item-body table-cell\">\n\n            <div class=\"body-left table-cell\">\n                <div class=\"info-row\">\n                    <div class=\"label-wrap hide-on-grid\">\n                        <span class=\"label-status label-status-287 label label-default\">Zona Golf<\/span><span class=\"label-status label-status-289 label label-default\">Zona Monta\u00f1a<\/span><span class=\"label label-default label-color-601\">Adosados<\/span>                    <\/div>\n                    <h2 class=\"property-title\"><a href=\"https:\/\/www.marbellaskycorp.com\/es\/propierty\/townhouse-in-alzambra-vasari-close-to-puerto-banus\/\">Casa adosada con 4 dormitorio en Alzambra Vasari cerca de Puerto Ban\u00fas<\/a><\/h2>                <\/div>\n                <div class=\"info-row amenities hide-on-grid\">\n                    <p><span>Dormitorios: 4<\/span><span>Ba\u00f1os: 4<\/span><\/p>                    <p>Propiedades en alquiler<\/p>\n                <\/div>\n\n                \n            <\/div>\n            <div class=\"body-right table-cell hidden-gird-cell\">\n\n                <div class=\"info-row price\"><span class=\"item-price\">7,000 \u20ac<\/span><\/div>\n\n                <div class=\"info-row phone text-right\">\n                    <a href=\"https:\/\/www.marbellaskycorp.com\/es\/propierty\/townhouse-in-alzambra-vasari-close-to-puerto-banus\/\" class=\"btn btn-primary\">Detalles <i class=\"fa fa-angle-right fa-right\"><\/i><\/a>\n                <\/div>\n            <\/div>\n\n            <div class=\"table-list full-width hide-on-list\">\n                <div class=\"cell\">\n                    <div class=\"info-row amenities\">\n                        <p><span>Dormitorios: 4<\/span><span>Ba\u00f1os: 4<\/span><\/p>                        <p>Propiedades en alquiler<\/p>\n\n                    <\/div>\n                <\/div>\n                <div class=\"cell\">\n                    <div class=\"phone\">\n                        <a href=\"https:\/\/www.marbellaskycorp.com\/es\/propierty\/townhouse-in-alzambra-vasari-close-to-puerto-banus\/\" class=\"btn btn-primary\"> Detalles <i class=\"fa fa-angle-right fa-right\"><\/i><\/a>\n                    <\/div>\n                <\/div>\n            <\/div>\n        <\/div>\n    <\/div>\n\n    \n<\/div>\r\n\t\t\t\t<\/div>\r\n\t\t\t\t<!-- end container-content -->\r\n\t\t\t<\/div>\r\n\t\t\t<div class=\"clearfix\"><\/div>\r\n\t\t\t\t\t<\/div>\r\n\r\n\t\t[\/vc_column_text][\/vc_column][\/vc_row][vc_row full_width=\u00bbstretch_row_content_no_spaces\u00bb][vc_column][vc_column_text][\/vc_column_text][\/vc_column][\/vc_row]<\/p>\n","protected":false},"excerpt":{"rendered":"<p>[vc_row][vc_column][vc_empty_space height=\u00bb60px\u00bb][vc_column_text] PROPIEDADES EN ALQUILER MIJAS COSTA &#8211; MARBELLA &#8211; GUADALMINA &#8211; LA MILLA DE ORO &#8211; NUEVA ANDALUC\u00cdA &#8211; SAN PEDRO DE ALC\u00c1NTARA &#8211; PUERTO BAN\u00daS CASASOLA &#8211; BENAHAVIS &#8211; LA ALQUER\u00cdA &#8211; LA QUINTA &#8211; LOS FLAMINGOS &#8211; EL MADRO\u00d1AL &#8211; ESTEPONA &#8211; LA ZAGALETA &#8211; CASARES [\/vc_column_text][\/vc_column][\/vc_row][vc_row][vc_column][vc_column_text][\/vc_column_text][\/vc_column][\/vc_row][vc_row full_width=\u00bbstretch_row_content_no_spaces\u00bb][vc_column][vc_column_text][\/vc_column_text][\/vc_column][\/vc_row]<\/p>\n","protected":false},"author":1,"featured_media":0,"parent":3267,"menu_order":0,"comment_status":"closed","ping_status":"closed","template":"template\/template-onepage.php","meta":{"footnotes":""},"class_list":["post-3344","page","type-page","status-publish","hentry"],"acf":[],"aioseo_notices":[],"_links":{"self":[{"href":"https:\/\/www.marbellaskycorp.com\/es\/wp-json\/wp\/v2\/pages\/3344\/"}],"collection":[{"href":"https:\/\/www.marbellaskycorp.com\/es\/wp-json\/wp\/v2\/pages\/"}],"about":[{"href":"https:\/\/www.marbellaskycorp.com\/es\/wp-json\/wp\/v2\/types\/page\/"}],"author":[{"embeddable":true,"href":"https:\/\/www.marbellaskycorp.com\/es\/wp-json\/wp\/v2\/users\/1\/"}],"replies":[{"embeddable":true,"href":"https:\/\/www.marbellaskycorp.com\/es\/wp-json\/wp\/v2\/comments\/?post=3344"}],"version-history":[{"count":0,"href":"https:\/\/www.marbellaskycorp.com\/es\/wp-json\/wp\/v2\/pages\/3344\/revisions\/"}],"up":[{"embeddable":true,"href":"https:\/\/www.marbellaskycorp.com\/es\/wp-json\/wp\/v2\/pages\/3267\/"}],"wp:attachment":[{"href":"https:\/\/www.marbellaskycorp.com\/es\/wp-json\/wp\/v2\/media\/?parent=3344"}],"curies":[{"name":"wp","href":"https:\/\/api.w.org\/{rel}","templated":true}]}}