{"id":3366,"date":"2017-03-06T07:23:08","date_gmt":"2017-03-06T07:23:08","guid":{"rendered":"http:\/\/www.marbellaskycorp.com\/web\/?page_id=3366"},"modified":"2023-11-13T10:23:54","modified_gmt":"2023-11-13T10:23:54","slug":"contacto","status":"publish","type":"page","link":"https:\/\/www.marbellaskycorp.com\/es\/contacto\/","title":{"rendered":"Contacto"},"content":{"rendered":"<p>[vc_row][vc_column][vc_empty_space height=\u00bb60px\u00bb][vc_column_text]<\/p>\n<h1 style=\"text-align: center;\"><span style=\"font-weight: 100;\">CONTACTE\u00a0<\/span>CON NOSOTROS<\/h1>\n<p>[\/vc_column_text][vc_column_text]<\/p>\n<p style=\"text-align: center;\">Contacte con nuestro equipo estaremos encantados de ayudarle.<\/p>\n<p>[\/vc_column_text][vc_single_image image=\u00bb27306&#8243; img_size=\u00bblarge\u00bb alignment=\u00bbcenter\u00bb][vc_column_text]<\/p>\n<p>&nbsp;<\/p>\n<p>[\/vc_column_text][\/vc_column][\/vc_row][vc_row][vc_column width=\u00bb1\/2&#8243;][vc_raw_html]JTNDZGl2JTIwaWQlM0QlMjJtYXAlMjIlM0UlM0MlMkZkaXYlM0U=[\/vc_raw_html][vc_raw_js]JTNDc2NyaXB0JTIwdHlwZSUzRCUyMnRleHQlMkZqYXZhc2NyaXB0JTIyJTNFJTIwJTA5JTBBJTA5JTBBJTA5ZnVuY3Rpb24lMjBpbml0TWFwJTI4JTI5JTIwJTdCJTBBJTA5JTA5dmFyJTIwbWFwJTIwJTNEJTIwbmV3JTIwZ29vZ2xlLm1hcHMuTWFwJTI4ZG9jdW1lbnQuZ2V0RWxlbWVudEJ5SWQlMjglMjdtYXAlMjclMjklMkMlMjAlN0IlMEElMDklMDklMjAlMjBjZW50ZXIlM0ElMjAlN0JsYXQlM0ElMjAzNi41MDQ4NDMlMkMlMjBsbmclM0ElMjAtNC43NjU4NyU3RCUyQyUwQSUwOSUwOSUyMCUyMHpvb20lM0ElMjAxNyUyQyUwQSUwOSUwOSUyMCUyMG1hcFR5cGVJZCUzQSUyMCUyN2h5YnJpZCUyNyUwQSUwOSUwOSU3RCUyOSUzQiUwQSUwQSUwOSUwOXZhciUyMExhdE1hcmtlciUyMCUzRCUyMCU3QmxhdCUzQSUyMDM2LjUwMzYwMSUyQyUyMGxuZyUzQSUyMC00Ljc2NTEyOCU3RCUzQiUwQSUwOSUwOXZhciUyMExhdE1hcmtlck1TQyUyMCUzRCUyMCU3QmxhdCUzQSUyMDM2LjUwNDg0MyUyQyUyMGxuZyUzQSUyMC00Ljc2NTg3JTdEJTNCJTBBJTBBJTA5JTA5JTJGJTJGdmFyJTIwbWFya2VyJTIwJTNEJTIwbmV3JTIwZ29vZ2xlLm1hcHMuTWFya2VyJTI4JTdCJTBBJTA5JTA5JTJGJTJGJTA5cG9zaXRpb24lM0ElMjBMYXRNYXJrZXIlMkMlMEElMDklMDklMkYlMkYlMDltYXAlM0ElMjBtYXAlMkMlMEElMDklMDklMkYlMkYlMDlpY29uJTNBJTIwJTdCJTBBJTA5JTA5JTJGJTJGJTA5JTA5dXJsJTNBJTIwJTI3aHR0cHMlM0ElMkYlMkZ3d3cubWFyYmVsbGFza3ljb3JwLmNvbSUyRndwLWNvbnRlbnQlMkZ1cGxvYWRzJTJGMjAyMCUyRjAyJTJGZ29vZ2xlLXBpbiU0MDJ4LWZsaXAteS5wbmclMjclMkMlMEElMDklMDklMkYlMkYlMDklMDlzY2FsZWRTaXplJTNBJTIwbmV3JTIwZ29vZ2xlLm1hcHMuU2l6ZSUyODE1OCUyQyUyMDk5JTI5JTJDJTBBJTA5JTA5JTJGJTJGJTA5JTdEJTBBJTA5JTA5JTJGJTJGJTdEJTI5JTNCJTBBJTBBJTBBJTA5JTA5dmFyJTIwbWFya2VyTVNDJTIwJTNEJTIwbmV3JTIwZ29vZ2xlLm1hcHMuTWFya2VyJTI4JTdCJTBBJTA5JTA5JTA5cG9zaXRpb24lM0ElMjBMYXRNYXJrZXJNU0MlMkMlMEElMDklMDklMDltYXAlM0ElMjBtYXAlMEElMDklMDklN0QlMjklM0IlMEElMEElMDklMDlpbmZvV2luZG93JTIwJTNEJTIwbmV3JTIwZ29vZ2xlLm1hcHMuSW5mb1dpbmRvdyUyOCU3QmNvbnRlbnQlM0ElMjAlMjdNQVJCRUxMQSUzQ3N0cm9uZyUzRVNLWUNPUlAlM0MlMkZzdHJvbmclM0UlMjclN0QlMjklM0IlMEElMEElMkYlMkYlMDklMDlnb29nbGUubWFwcy5ldmVudC5hZGRMaXN0ZW5lciUyOG1hcmtlck1TQyUyQyUyMCUyN2NsaWNrJTI3JTJDJTIwZnVuY3Rpb24lMjglMjklMjAlN0IlMEElMDklMDklMDlpbmZvV2luZG93Lm9wZW4lMjglMjBtYXAlMkMlMjBtYXJrZXJNU0MlMjAlMjklM0IlMEElMkYlMkYlMDklMDklN0QlMjklM0IlMEElMEElMDklN0QlMjAlM0MlMkZzY3JpcHQlM0U=[\/vc_raw_js][vc_raw_js]JTNDJTIxLS0lMjBHb29nbGUlMjBNYXBzJTIwLS0lM0UlMEElM0NzY3JpcHQlMjBzcmMlM0QlMjJodHRwcyUzQSUyRiUyRm1hcHMuZ29vZ2xlYXBpcy5jb20lMkZtYXBzJTJGYXBpJTJGanMlM0ZrZXklM0RBSXphU3lEdXlNSnlRY0FLdkZ1QkM2WHh2V0d4Mk0xWkt5aXFDczAlMjZjYWxsYmFjayUzRGluaXRNYXAlMjIlMjBhc3luYyUyMGRlZmVyJTNFJTNDJTJGc2NyaXB0JTNF[\/vc_raw_js][\/vc_column][vc_column width=\u00bb1\/2&#8243;][vc_column_text]<div class=\"frm_forms  with_frm_style frm_style_formidable-style\" id=\"frm_form_8_container\" >\n<form enctype=\"multipart\/form-data\" method=\"post\" class=\"frm-show-form  frm_pro_form \" id=\"form_99sbn\" >\n<div class=\"frm_form_fields \">\n<fieldset>\n<legend class=\"frm_hidden\">contacto<\/legend>\r\n\r\n<div class=\"frm_fields_container\">\n<input type=\"hidden\" name=\"frm_action\" value=\"create\" \/>\n<input type=\"hidden\" name=\"form_id\" value=\"8\" \/>\n<input type=\"hidden\" name=\"frm_hide_fields_8\" id=\"frm_hide_fields_8\" value=\"\" \/>\n<input type=\"hidden\" name=\"form_key\" value=\"99sbn\" \/>\n<input type=\"hidden\" name=\"item_meta[0]\" value=\"\" \/>\n<input type=\"hidden\" id=\"frm_submit_entry_8\" name=\"frm_submit_entry_8\" value=\"7baf38a433\" \/><input type=\"hidden\" name=\"_wp_http_referer\" value=\"\/es\/wp-json\/wp\/v2\/pages\/3366\" \/><div id=\"frm_field_103_container\" class=\"frm_form_field form-field  frm_required_field frm_top_container frm_first frm_half\">\r\n    <label for=\"field_1gf0k\" class=\"frm_primary_label\">Nombre\r\n        <span class=\"frm_required\">*<\/span>\r\n    <\/label>\r\n    <input  type=\"text\" id=\"field_1gf0k\" name=\"item_meta[103]\" value=\"\"  data-reqmsg=\"Este campo no puede estar en blanco.\" aria-required=\"true\" data-invmsg=\"Nombre no es v\u00e1lido\" aria-invalid=\"false\"   \/>\r\n    \r\n    \r\n<\/div>\n<div id=\"frm_field_104_container\" class=\"frm_form_field form-field  frm_required_field frm_top_container frm_half\">\r\n    <label for=\"field_i1g59\" class=\"frm_primary_label\">Apellidos\r\n        <span class=\"frm_required\">*<\/span>\r\n    <\/label>\r\n    <input  type=\"text\" id=\"field_i1g59\" name=\"item_meta[104]\" value=\"\"  data-reqmsg=\"Este campo no puede estar en blanco.\" aria-required=\"true\" data-invmsg=\"Apellidos no es v\u00e1lido\" aria-invalid=\"false\"   \/>\r\n    \r\n    \r\n<\/div>\n<div id=\"frm_field_109_container\" class=\"frm_form_field form-field  frm_top_container frm_first frm_sixth\">\r\n    <label for=\"field_qvkdx\" class=\"frm_primary_label\">Prefijo\r\n        <span class=\"frm_required\"><\/span>\r\n    <\/label>\r\n    <input  type=\"text\" id=\"field_qvkdx\" name=\"item_meta[109]\" value=\"\"  data-invmsg=\"Prefijo no es v\u00e1lido\" aria-invalid=\"false\"   \/>\r\n    \r\n    \r\n<\/div>\n<div id=\"frm_field_107_container\" class=\"frm_form_field form-field  frm_required_field frm_top_container frm_third\">\r\n    <label for=\"field_ltuwl\" class=\"frm_primary_label\">Tel\u00e9fono\r\n        <span class=\"frm_required\">*<\/span>\r\n    <\/label>\r\n    <input type=\"tel\" id=\"field_ltuwl\" name=\"item_meta[107]\" value=\"\"  style=\"width:115px\" data-reqmsg=\"Este campo no puede estar en blanco.\" aria-required=\"true\" data-invmsg=\"N\u00famero de tel\u00e9fono no es v\u00e1lido\" class=\"auto_width\" aria-invalid=\"false\" pattern=\"((\\+\\d{1,3}(-|.| )?\\(?\\d\\)?(-| |.)?\\d{1,5})|(\\(?\\d{2,6}\\)?))(-|.| )?(\\d{3,4})(-|.| )?(\\d{4})(( x| ext)\\d{1,5}){0,1}$\"  \/>\r\n    \r\n    \r\n<\/div>\n<div id=\"frm_field_106_container\" class=\"frm_form_field form-field  frm_required_field frm_top_container frm_half\">\r\n    <label for=\"field_w3q9i\" class=\"frm_primary_label\">Direcci\u00f3n Email\r\n        <span class=\"frm_required\">*<\/span>\r\n    <\/label>\r\n    <input type=\"email\" id=\"field_w3q9i\" name=\"item_meta[106]\" value=\"\"  data-reqmsg=\"Este campo no puede estar en blanco.\" aria-required=\"true\" data-invmsg=\"Direcci\u00f3n Email no es v\u00e1lido\" aria-invalid=\"false\"  \/>\r\n    \r\n    \r\n<\/div>\n<div id=\"frm_field_110_container\" class=\"frm_form_field form-field  frm_required_field frm_top_container\">\r\n    <label for=\"field_rw8yr\" class=\"frm_primary_label\">Mensaje\r\n        <span class=\"frm_required\">*<\/span>\r\n    <\/label>\r\n    <textarea name=\"item_meta[110]\" id=\"field_rw8yr\" rows=\"5\"  data-reqmsg=\"Este campo no puede estar en blanco.\" aria-required=\"true\" data-invmsg=\"Mensaje no es v\u00e1lido\" aria-invalid=\"false\"  ><\/textarea>\r\n    \r\n    \r\n<\/div>\n<div id=\"frm_field_192_container\" class=\"frm_form_field form-field  frm_top_container\">\r\n    <label for=\"g-recaptcha-response\" class=\"frm_primary_label\">Captcha\r\n        <span class=\"frm_required\"><\/span>\r\n    <\/label>\r\n    <div  id=\"field_62n6q322\" class=\"frm-g-recaptcha\" data-sitekey=\"6Ldyk-MpAAAAAJfBVuB6v3PyQ6xFzJRr5TUxJRgz\" data-size=\"invisible\" data-theme=\"light\"><\/div>\r\n    \r\n    \r\n<\/div>\n<div id=\"frm_field_230_container\" class=\"frm_form_field form-field  frm_required_field frm_none_container vertical_radio\">\r\n    <div  id=\"field_ntws9_label\" class=\"frm_primary_label\">\r\n        <span class=\"frm_required\">*<\/span>\r\n    <\/div>\r\n    <div class=\"frm_opt_container\" aria-labelledby=\"field_ntws9_label\" role=\"group\">\t\t<div class=\"frm_checkbox\" id=\"frm_checkbox_230-0\">\t\t\t<label  for=\"field_ntws9-0\">\n\t\t\t<input type=\"checkbox\" name=\"item_meta[230][]\" id=\"field_ntws9-0\" value=\"He leido y acepto la &lt;a href=&quot;\/en\/privacy-policy\/&quot; target=&quot;_self&quot; title=&quot;privacy policy&quot;&gt;pol\u00edtica de privacidad&lt;\/a&gt; de este sitio.\"  data-reqmsg=\"Este campo no puede estar en blanco.\" data-invmsg=\"Este campo no es v\u00e1lido\"   aria-required=\"true\"  \/> He leido y acepto la <a href=\"\/en\/privacy-policy\/\" target=\"_self\" title=\"privacy policy\">pol\u00edtica de privacidad<\/a> de este sitio.<\/label><\/div>\n<\/div>\r\n    \r\n    \r\n<\/div>\n\t<input type=\"hidden\" name=\"item_key\" value=\"\" \/>\n\t\t\t<div id=\"frm_field_236_container\">\n\t\t\t<label for=\"field_ysu05\" >\n\t\t\t\tSi eres humano, deja este campo en blanco.\t\t\t<\/label>\n\t\t\t<input  id=\"field_ysu05\" type=\"text\" class=\"frm_form_field form-field frm_verify\" name=\"item_meta[236]\" value=\"\"  \/>\n\t\t<\/div>\n\t\t<input name=\"frm_state\" type=\"hidden\" value=\"j48rWwKFbOsYFU94yknxVMtyPliycmggO7YpVKWOThj6FuESc\/ibar6psJirlMAy\" \/><div class=\"frm_submit\">\r\n\r\n<button class=\"frm_button_submit frm_final_submit\" type=\"submit\"   formnovalidate=\"formnovalidate\">Enviar<\/button>\r\n\r\n<\/div><\/div>\n<\/fieldset>\n<\/div>\n\n<p style=\"display: none !important;\" class=\"akismet-fields-container\" data-prefix=\"ak_\"><label>&#916;<textarea name=\"ak_hp_textarea\" cols=\"45\" rows=\"8\" maxlength=\"100\"><\/textarea><\/label><input type=\"hidden\" id=\"ak_js_1\" name=\"ak_js\" value=\"64\"\/><script>document.getElementById( \"ak_js_1\" ).setAttribute( \"value\", ( new Date() ).getTime() );<\/script><\/p><\/form>\n<\/div>\n[\/vc_column_text][\/vc_column][\/vc_row]<\/p>\n","protected":false},"excerpt":{"rendered":"<p>[vc_row][vc_column][vc_empty_space height=\u00bb60px\u00bb][vc_column_text] CONTACTE\u00a0CON NOSOTROS [\/vc_column_text][vc_column_text] Contacte con nuestro equipo estaremos encantados de ayudarle. [\/vc_column_text][vc_single_image image=\u00bb27306&#8243; img_size=\u00bblarge\u00bb alignment=\u00bbcenter\u00bb][vc_column_text] &nbsp; [\/vc_column_text][\/vc_column][\/vc_row][vc_row][vc_column width=\u00bb1\/2&#8243;][vc_raw_html]JTNDZGl2JTIwaWQlM0QlMjJtYXAlMjIlM0UlM0MlMkZkaXYlM0U=[\/vc_raw_html][vc_raw_js]JTNDc2NyaXB0JTIwdHlwZSUzRCUyMnRleHQlMkZqYXZhc2NyaXB0JTIyJTNFJTIwJTA5JTBBJTA5JTBBJTA5ZnVuY3Rpb24lMjBpbml0TWFwJTI4JTI5JTIwJTdCJTBBJTA5JTA5dmFyJTIwbWFwJTIwJTNEJTIwbmV3JTIwZ29vZ2xlLm1hcHMuTWFwJTI4ZG9jdW1lbnQuZ2V0RWxlbWVudEJ5SWQlMjglMjdtYXAlMjclMjklMkMlMjAlN0IlMEElMDklMDklMjAlMjBjZW50ZXIlM0ElMjAlN0JsYXQlM0ElMjAzNi41MDQ4NDMlMkMlMjBsbmclM0ElMjAtNC43NjU4NyU3RCUyQyUwQSUwOSUwOSUyMCUyMHpvb20lM0ElMjAxNyUyQyUwQSUwOSUwOSUyMCUyMG1hcFR5cGVJZCUzQSUyMCUyN2h5YnJpZCUyNyUwQSUwOSUwOSU3RCUyOSUzQiUwQSUwQSUwOSUwOXZhciUyMExhdE1hcmtlciUyMCUzRCUyMCU3QmxhdCUzQSUyMDM2LjUwMzYwMSUyQyUyMGxuZyUzQSUyMC00Ljc2NTEyOCU3RCUzQiUwQSUwOSUwOXZhciUyMExhdE1hcmtlck1TQyUyMCUzRCUyMCU3QmxhdCUzQSUyMDM2LjUwNDg0MyUyQyUyMGxuZyUzQSUyMC00Ljc2NTg3JTdEJTNCJTBBJTBBJTA5JTA5JTJGJTJGdmFyJTIwbWFya2VyJTIwJTNEJTIwbmV3JTIwZ29vZ2xlLm1hcHMuTWFya2VyJTI4JTdCJTBBJTA5JTA5JTJGJTJGJTA5cG9zaXRpb24lM0ElMjBMYXRNYXJrZXIlMkMlMEElMDklMDklMkYlMkYlMDltYXAlM0ElMjBtYXAlMkMlMEElMDklMDklMkYlMkYlMDlpY29uJTNBJTIwJTdCJTBBJTA5JTA5JTJGJTJGJTA5JTA5dXJsJTNBJTIwJTI3aHR0cHMlM0ElMkYlMkZ3d3cubWFyYmVsbGFza3ljb3JwLmNvbSUyRndwLWNvbnRlbnQlMkZ1cGxvYWRzJTJGMjAyMCUyRjAyJTJGZ29vZ2xlLXBpbiU0MDJ4LWZsaXAteS5wbmclMjclMkMlMEElMDklMDklMkYlMkYlMDklMDlzY2FsZWRTaXplJTNBJTIwbmV3JTIwZ29vZ2xlLm1hcHMuU2l6ZSUyODE1OCUyQyUyMDk5JTI5JTJDJTBBJTA5JTA5JTJGJTJGJTA5JTdEJTBBJTA5JTA5JTJGJTJGJTdEJTI5JTNCJTBBJTBBJTBBJTA5JTA5dmFyJTIwbWFya2VyTVNDJTIwJTNEJTIwbmV3JTIwZ29vZ2xlLm1hcHMuTWFya2VyJTI4JTdCJTBBJTA5JTA5JTA5cG9zaXRpb24lM0ElMjBMYXRNYXJrZXJNU0MlMkMlMEElMDklMDklMDltYXAlM0ElMjBtYXAlMEElMDklMDklN0QlMjklM0IlMEElMEElMDklMDlpbmZvV2luZG93JTIwJTNEJTIwbmV3JTIwZ29vZ2xlLm1hcHMuSW5mb1dpbmRvdyUyOCU3QmNvbnRlbnQlM0ElMjAlMjdNQVJCRUxMQSUzQ3N0cm9uZyUzRVNLWUNPUlAlM0MlMkZzdHJvbmclM0UlMjclN0QlMjklM0IlMEElMEElMkYlMkYlMDklMDlnb29nbGUubWFwcy5ldmVudC5hZGRMaXN0ZW5lciUyOG1hcmtlck1TQyUyQyUyMCUyN2NsaWNrJTI3JTJDJTIwZnVuY3Rpb24lMjglMjklMjAlN0IlMEElMDklMDklMDlpbmZvV2luZG93Lm9wZW4lMjglMjBtYXAlMkMlMjBtYXJrZXJNU0MlMjAlMjklM0IlMEElMkYlMkYlMDklMDklN0QlMjklM0IlMEElMEElMDklN0QlMjAlM0MlMkZzY3JpcHQlM0U=[\/vc_raw_js][vc_raw_js]JTNDJTIxLS0lMjBHb29nbGUlMjBNYXBzJTIwLS0lM0UlMEElM0NzY3JpcHQlMjBzcmMlM0QlMjJodHRwcyUzQSUyRiUyRm1hcHMuZ29vZ2xlYXBpcy5jb20lMkZtYXBzJTJGYXBpJTJGanMlM0ZrZXklM0RBSXphU3lEdXlNSnlRY0FLdkZ1QkM2WHh2V0d4Mk0xWkt5aXFDczAlMjZjYWxsYmFjayUzRGluaXRNYXAlMjIlMjBhc3luYyUyMGRlZmVyJTNFJTNDJTJGc2NyaXB0JTNF[\/vc_raw_js][\/vc_column][vc_column width=\u00bb1\/2&#8243;][vc_column_text][\/vc_column_text][\/vc_column][\/vc_row]<\/p>\n","protected":false},"author":1,"featured_media":0,"parent":0,"menu_order":0,"comment_status":"closed","ping_status":"closed","template":"template\/template-onepage.php","meta":{"footnotes":""},"class_list":["post-3366","page","type-page","status-publish","hentry"],"acf":[],"aioseo_notices":[],"_links":{"self":[{"href":"https:\/\/www.marbellaskycorp.com\/es\/wp-json\/wp\/v2\/pages\/3366\/"}],"collection":[{"href":"https:\/\/www.marbellaskycorp.com\/es\/wp-json\/wp\/v2\/pages\/"}],"about":[{"href":"https:\/\/www.marbellaskycorp.com\/es\/wp-json\/wp\/v2\/types\/page\/"}],"author":[{"embeddable":true,"href":"https:\/\/www.marbellaskycorp.com\/es\/wp-json\/wp\/v2\/users\/1\/"}],"replies":[{"embeddable":true,"href":"https:\/\/www.marbellaskycorp.com\/es\/wp-json\/wp\/v2\/comments\/?post=3366"}],"version-history":[{"count":0,"href":"https:\/\/www.marbellaskycorp.com\/es\/wp-json\/wp\/v2\/pages\/3366\/revisions\/"}],"wp:attachment":[{"href":"https:\/\/www.marbellaskycorp.com\/es\/wp-json\/wp\/v2\/media\/?parent=3366"}],"curies":[{"name":"wp","href":"https:\/\/api.w.org\/{rel}","templated":true}]}}