{"id":3405,"date":"2017-04-20T09:27:08","date_gmt":"2017-04-20T09:27:08","guid":{"rendered":"http:\/\/www.marbellaskycorp.com\/web\/?page_id=3405"},"modified":"2022-03-08T12:05:16","modified_gmt":"2022-03-08T12:05:16","slug":"comprar-una-propiedad","status":"publish","type":"page","link":"https:\/\/www.marbellaskycorp.com\/es\/servicios\/comprar-una-propiedad\/","title":{"rendered":"Comprar una propiedad"},"content":{"rendered":"<p>[vc_row][vc_column][vc_empty_space height=\u00bb100px\u00bb][\/vc_column][\/vc_row][vc_row][vc_column][vc_column_text]<\/p>\n<h1 style=\"text-align: center;\"><span style=\"font-weight: 100; font-family: lato;\">COMPRAR UNA PROPIEDAD<\/span><\/h1>\n<p>[\/vc_column_text][vc_column_text]<\/p>\n<div class=\"wpb_text_column wpb_content_element \">\n<div class=\"wpb_wrapper\">\n<p>Comprar una propiedad: Marbella Sky Corp ofrece a sus clientes la garant\u00eda de ser una empresa que posee una gran experiencia en el mercado local, agilizando todos los tr\u00e1mites del proceso de compra venta y facilitando por tanto las adquisiciones m\u00e1s adecuadas a las exigencias de nuestros clientes.<\/p>\n<p>Conseguir realizar los sue\u00f1os de nuestros clientes es nuestro mayor compromiso.<\/p>\n<p>Realizamos gestiones de compra personalizadas adaptadas a inversores que deseen invertir en activos espec\u00edficos, proporcionando un <strong><a href=\"\/web?page_id=3427\">asesoramiento legal<\/a>\u00a0<\/strong>y <a href=\"\/web?page_id=3421\"><strong>asesoramiento integral<\/strong><\/a>, para una rentabilidad asegurada.<\/p>\n<\/div>\n<\/div>\n<p>[\/vc_column_text][\/vc_column][\/vc_row][vc_row][vc_column][vc_empty_space height=\u00bb100px\u00bb][\/vc_column][\/vc_row][vc_row full_width=\u00bbstretch_row\u00bb css=\u00bb.vc_custom_1488786535808{padding-top: 70px !important;background-color: #eeeeee !important;}\u00bb][vc_column][vc_empty_space height=\u00bb10px\u00bb][vc_column_text]<\/p>\n<div class=\"wpb_text_column wpb_content_element \">\n<div class=\"wpb_wrapper\">\n<p>Si desa que realicemos la gesti\u00f3n de su compra, por favor rellene y env\u00ede el formulario. Gustosamente nos pondremos en contacto con ud para asesorarle en su compra. Gracias<\/p>\n<\/div>\n<\/div>\n<p>[\/vc_column_text][vc_column_text]<div class=\"frm_forms  with_frm_style frm_style_formidable-style\" id=\"frm_form_6_container\" >\n<form enctype=\"multipart\/form-data\" method=\"post\" class=\"frm-show-form  frm_pro_form \" id=\"form_contact2\" >\n<div class=\"frm_form_fields \">\n<fieldset>\n<legend class=\"frm_hidden\">comprar<\/legend>\r\n\r\n<div class=\"frm_fields_container\">\n<input type=\"hidden\" name=\"frm_action\" value=\"create\" \/>\n<input type=\"hidden\" name=\"form_id\" value=\"6\" \/>\n<input type=\"hidden\" name=\"frm_hide_fields_6\" id=\"frm_hide_fields_6\" value=\"\" \/>\n<input type=\"hidden\" name=\"form_key\" value=\"contact2\" \/>\n<input type=\"hidden\" name=\"item_meta[0]\" value=\"\" \/>\n<input type=\"hidden\" id=\"frm_submit_entry_6\" name=\"frm_submit_entry_6\" value=\"1c7dd892df\" \/><input type=\"hidden\" name=\"_wp_http_referer\" value=\"\/es\/wp-json\/wp\/v2\/pages\/3405\/\" \/><div id=\"frm_field_72_container\" class=\"frm_form_field form-field  frm_required_field frm_top_container frm_first frm_half\">\r\n    <label for=\"field_qh4icy2\" id=\"field_qh4icy2_label\" class=\"frm_primary_label\">Nombre\r\n        <span class=\"frm_required\" aria-hidden=\"true\">*<\/span>\r\n    <\/label>\r\n    <input  type=\"text\" id=\"field_qh4icy2\" name=\"item_meta[72]\" value=\"\"  data-reqmsg=\"Este campo no puede estar en blanco.\" aria-required=\"true\" data-invmsg=\"Nombre no es v\u00e1lido\" aria-invalid=\"false\"   \/>\r\n    \r\n    \r\n<\/div>\n<div id=\"frm_field_73_container\" class=\"frm_form_field form-field  frm_required_field frm_top_container frm_half\">\r\n    <label for=\"field_ocfup12\" id=\"field_ocfup12_label\" class=\"frm_primary_label\">Apellido\r\n        <span class=\"frm_required\" aria-hidden=\"true\">*<\/span>\r\n    <\/label>\r\n    <input  type=\"text\" id=\"field_ocfup12\" name=\"item_meta[73]\" value=\"\"  data-reqmsg=\"Este campo no puede estar en blanco.\" aria-required=\"true\" data-invmsg=\"Apellido no es v\u00e1lido\" aria-invalid=\"false\"   \/>\r\n    \r\n    \r\n<\/div>\n<div id=\"frm_field_89_container\" class=\"frm_form_field form-field  frm_required_field frm_top_container frm_first frm_eighth\">\r\n    <label for=\"field_4yaqp\" class=\"frm_primary_label\">Prefijo\r\n        <span class=\"frm_required\">*<\/span>\r\n    <\/label>\r\n    <input  type=\"text\" id=\"field_4yaqp\" name=\"item_meta[89]\" value=\"\"  data-reqmsg=\"Este campo no puede estar en blanco.\" aria-required=\"true\" data-invmsg=\"Prefijo no es v\u00e1lido\" aria-invalid=\"false\"   \/>\r\n    \r\n    \r\n<\/div>\n<div id=\"frm_field_81_container\" class=\"frm_form_field form-field  frm_required_field frm_top_container frm_fourth\">\r\n    <label for=\"field_5l5ly\" class=\"frm_primary_label\">N\u00famero de tel\u00e9fono\r\n        <span class=\"frm_required\">*<\/span>\r\n    <\/label>\r\n    <input type=\"tel\" id=\"field_5l5ly\" name=\"item_meta[81]\" value=\"\"  data-reqmsg=\"Este campo no puede estar en blanco.\" aria-required=\"true\" data-invmsg=\"N\u00famero de tel\u00e9fono no es v\u00e1lido\" aria-invalid=\"false\" pattern=\"((\\+\\d{1,3}(-|.| )?\\(?\\d\\)?(-| |.)?\\d{1,5})|(\\(?\\d{2,6}\\)?))(-|.| )?(\\d{3,4})(-|.| )?(\\d{4})(( x| ext)\\d{1,5}){0,1}$\"  \/>\r\n    \r\n    \r\n<\/div>\n<div id=\"frm_field_74_container\" class=\"frm_form_field form-field  frm_required_field frm_top_container frm_third\">\r\n    <label for=\"field_29yf4d2\" id=\"field_29yf4d2_label\" class=\"frm_primary_label\">Email\r\n        <span class=\"frm_required\" aria-hidden=\"true\">*<\/span>\r\n    <\/label>\r\n    <input type=\"email\" id=\"field_29yf4d2\" name=\"item_meta[74]\" value=\"\"  style=\"width:800px\" data-reqmsg=\"Este campo no puede estar en blanco.\" aria-required=\"true\" data-invmsg=\"Please enter a valid email address\" class=\"auto_width\" aria-invalid=\"false\"  \/>\r\n    \r\n    \r\n<\/div>\n<div id=\"frm_field_83_container\" class=\"frm_form_field form-field  frm_required_field frm_top_container frm_eighth\">\r\n    <label for=\"field_20vm2\" class=\"frm_primary_label\">Precio Desde\r\n        <span class=\"frm_required\">*<\/span>\r\n    <\/label>\r\n    \t\t<select name=\"item_meta[83]\" id=\"field_20vm2\"  data-reqmsg=\"Este campo no puede estar en blanco.\" aria-required=\"true\" data-invmsg=\"Precio Desde no es v\u00e1lido\" class=\"auto_width\" aria-invalid=\"false\"  >\n\t\t<option  value=\"\" selected='selected'> <\/option><option  value=\"100.000\u20ac \">100.000\u20ac <\/option><option  value=\"200.000\u20ac \">200.000\u20ac <\/option><option  value=\"300.000\u20ac \">300.000\u20ac <\/option><option  value=\"400.000\u20ac \">400.000\u20ac <\/option><option  value=\"500.000\u20ac \">500.000\u20ac <\/option><option  value=\"750.000\u20ac \">750.000\u20ac <\/option><option  value=\"1.000.000\u20ac \">1.000.000\u20ac <\/option><option  value=\"2.000.000\u20ac\">2.000.000\u20ac<\/option><option  value=\"3.000.000\u20ac \">3.000.000\u20ac <\/option><option  value=\"4.000.000\u20ac\">4.000.000\u20ac<\/option><option  value=\"5.000.000\u20ac\">5.000.000\u20ac<\/option><option  value=\"+10.000.000\u20ac\">+10.000.000\u20ac<\/option>\t<\/select>\n\t\r\n    \r\n    \r\n<\/div>\n<div id=\"frm_field_141_container\" class=\"frm_form_field form-field  frm_required_field frm_top_container frm_eighth\">\r\n    <label for=\"field_g5spy\" class=\"frm_primary_label\">Precio Hasta\r\n        <span class=\"frm_required\">*<\/span>\r\n    <\/label>\r\n    \t\t<select name=\"item_meta[141]\" id=\"field_g5spy\"  data-reqmsg=\"Este campo no puede estar en blanco.\" aria-required=\"true\" data-invmsg=\"Precio Hasta no es v\u00e1lido\" class=\"auto_width\" aria-invalid=\"false\"  >\n\t\t<option  value=\"\" selected='selected'> <\/option><option  value=\"100.000\u20ac \">100.000\u20ac <\/option><option  value=\"200.000\u20ac \">200.000\u20ac <\/option><option  value=\"300.000\u20ac \">300.000\u20ac <\/option><option  value=\"400.000\u20ac \">400.000\u20ac <\/option><option  value=\"500.000\u20ac \">500.000\u20ac <\/option><option  value=\"750.000\u20ac \">750.000\u20ac <\/option><option  value=\"1.000.000\u20ac \">1.000.000\u20ac <\/option><option  value=\"2.000.000\u20ac\">2.000.000\u20ac<\/option><option  value=\"3.000.000\u20ac \">3.000.000\u20ac <\/option><option  value=\"4.000.000\u20ac\">4.000.000\u20ac<\/option><option  value=\"5.000.000\u20ac\">5.000.000\u20ac<\/option><option  value=\"+10.000.000\u20ac\">+10.000.000\u20ac<\/option>\t<\/select>\n\t\r\n    \r\n    \r\n<\/div>\n<div id=\"frm_field_77_container\" class=\"frm_form_field form-field  frm_required_field frm_top_container frm_full\">\r\n    <label for=\"field_9jv0r12\" id=\"field_9jv0r12_label\" class=\"frm_primary_label\">Descripci\u00f3n\r\n        <span class=\"frm_required\" aria-hidden=\"true\">*<\/span>\r\n    <\/label>\r\n    <textarea name=\"item_meta[77]\" id=\"field_9jv0r12\" rows=\"5\"  data-reqmsg=\"Este campo no puede estar en blanco.\" aria-required=\"true\" data-invmsg=\"Descripci\u00f3n no es v\u00e1lido\" aria-invalid=\"false\"  ><\/textarea>\r\n    \r\n    \r\n<\/div>\n<div id=\"frm_field_78_container\" class=\"frm_form_field form-field  frm_none_container\">\r\n    <label for=\"g-recaptcha-response\" id=\"field_62n6q32_label\" class=\"frm_primary_label\">Captcha\r\n        <span class=\"frm_required\" aria-hidden=\"true\"><\/span>\r\n    <\/label>\r\n    <div  id=\"field_62n6q32\" class=\"frm-g-recaptcha\" data-sitekey=\"6Ldyk-MpAAAAAJfBVuB6v3PyQ6xFzJRr5TUxJRgz\" data-size=\"invisible\" data-theme=\"light\"><\/div>\r\n    \r\n    \r\n<\/div>\n<div id=\"frm_field_235_container\" class=\"frm_form_field form-field \">\n\t<div class=\"frm_submit\">\r\n\r\n<button class=\"frm_button_submit frm_final_submit\" type=\"submit\"   formnovalidate=\"formnovalidate\">Enviar<\/button>\r\n\r\n<\/div>\n<\/div>\n\t<input type=\"hidden\" name=\"item_key\" value=\"\" \/>\n\t\t\t<div id=\"frm_field_236_container\">\n\t\t\t<label for=\"field_umc24\" >\n\t\t\t\tSi eres humano, deja este campo en blanco.\t\t\t<\/label>\n\t\t\t<input  id=\"field_umc24\" type=\"text\" class=\"frm_form_field form-field frm_verify\" name=\"item_meta[236]\" value=\"\"  \/>\n\t\t<\/div>\n\t\t<input name=\"frm_state\" type=\"hidden\" value=\"j48rWwKFbOsYFU94yknxVPLLLmvqgQg95tIRaYP1r\/v6FuESc\/ibar6psJirlMAy\" \/><\/div>\n<\/fieldset>\n<\/div>\n\n<p style=\"display: none !important;\" class=\"akismet-fields-container\" data-prefix=\"ak_\"><label>&#916;<textarea name=\"ak_hp_textarea\" cols=\"45\" rows=\"8\" maxlength=\"100\"><\/textarea><\/label><input type=\"hidden\" id=\"ak_js_1\" name=\"ak_js\" value=\"145\"\/><script>document.getElementById( \"ak_js_1\" ).setAttribute( \"value\", ( new Date() ).getTime() );<\/script><\/p><\/form>\n<\/div>\n[\/vc_column_text][vc_empty_space height=\u00bb50px\u00bb][\/vc_column][\/vc_row][vc_row full_width=\u00bbstretch_row_content_no_spaces\u00bb parallax=\u00bbcontent-moving\u00bb][vc_column][\/vc_column][\/vc_row]<\/p>\n","protected":false},"excerpt":{"rendered":"<p>[vc_row][vc_column][vc_empty_space height=\u00bb100px\u00bb][\/vc_column][\/vc_row][vc_row][vc_column][vc_column_text] COMPRAR UNA PROPIEDAD [\/vc_column_text][vc_column_text] Comprar una propiedad: Marbella Sky Corp ofrece a sus clientes la garant\u00eda de ser una empresa que posee una gran experiencia en el mercado local, agilizando todos los tr\u00e1mites del proceso de compra venta y facilitando por tanto las adquisiciones m\u00e1s adecuadas a las exigencias de nuestros clientes. Conseguir [&hellip;]<\/p>\n","protected":false},"author":1,"featured_media":0,"parent":3402,"menu_order":0,"comment_status":"closed","ping_status":"closed","template":"template\/template-onepage.php","meta":{"footnotes":""},"class_list":["post-3405","page","type-page","status-publish","hentry"],"acf":[],"aioseo_notices":[],"_links":{"self":[{"href":"https:\/\/www.marbellaskycorp.com\/es\/wp-json\/wp\/v2\/pages\/3405\/"}],"collection":[{"href":"https:\/\/www.marbellaskycorp.com\/es\/wp-json\/wp\/v2\/pages\/"}],"about":[{"href":"https:\/\/www.marbellaskycorp.com\/es\/wp-json\/wp\/v2\/types\/page\/"}],"author":[{"embeddable":true,"href":"https:\/\/www.marbellaskycorp.com\/es\/wp-json\/wp\/v2\/users\/1\/"}],"replies":[{"embeddable":true,"href":"https:\/\/www.marbellaskycorp.com\/es\/wp-json\/wp\/v2\/comments\/?post=3405"}],"version-history":[{"count":0,"href":"https:\/\/www.marbellaskycorp.com\/es\/wp-json\/wp\/v2\/pages\/3405\/revisions\/"}],"up":[{"embeddable":true,"href":"https:\/\/www.marbellaskycorp.com\/es\/wp-json\/wp\/v2\/pages\/3402\/"}],"wp:attachment":[{"href":"https:\/\/www.marbellaskycorp.com\/es\/wp-json\/wp\/v2\/media\/?parent=3405"}],"curies":[{"name":"wp","href":"https:\/\/api.w.org\/{rel}","templated":true}]}}