{"id":3421,"date":"2017-04-21T07:08:15","date_gmt":"2017-04-21T07:08:15","guid":{"rendered":"http:\/\/www.marbellaskycorp.com\/web\/?page_id=3421"},"modified":"2022-03-08T12:04:20","modified_gmt":"2022-03-08T12:04:20","slug":"asesoramiento-integral","status":"publish","type":"page","link":"https:\/\/www.marbellaskycorp.com\/es\/servicios\/asesoramiento-integral\/","title":{"rendered":"Asesoramiento integral"},"content":{"rendered":"<p>[vc_row][vc_column][vc_empty_space height=\u00bb100px\u00bb][\/vc_column][\/vc_row][vc_row full_width=\u00bbstretch_row\u00bb][vc_column][vc_column_text]<\/p>\n<h1 style=\"text-align: center;\"><span style=\"font-weight: 100; font-family: lato;\">ASESORAMIENTO INTEGRAL<\/span><\/h1>\n<p>[\/vc_column_text][vc_empty_space height=\u00bb40px\u00bb][vc_column_text]<\/p>\n<p style=\"text-align: justify;\">Marbella Sky Corp realiza un asesoramiento global de inversi\u00f3n.\u00a0 Se aconseja c\u00f3mo invertir el capital de la manera m\u00e1s eficiente y seguro en Espa\u00f1a. Empezando desde el <a href=\"\/web?page_id=3427\"><strong>asesoramiento legal<\/strong><\/a>, b\u00fasqueda de los activos inmobiliarios, ahorro de costes en todo el proceso de inversi\u00f3n, hasta la venta o gesti\u00f3n para recuperar la inversi\u00f3n y sus beneficios:<\/p>\n<ul>\n<li>B\u00fasqueda del activo y estudio del mercado<\/li>\n<li>Asesoramiento legal<\/li>\n<li>Financiaci\u00f3n y avales para la promoci\u00f3n de viviendas<\/li>\n<li>Arquitectos con larga trayectoria seg\u00fan el proyecto<\/li>\n<li>Estudios topogr\u00e1ficos y geot\u00e9cnicos<\/li>\n<li>Excavaciones, movimientos de tierra, muros de contenci\u00f3n, desbroce de parcelas, demoliciones<\/li>\n<li>Empresas de construcci\u00f3n adecuadas a la obra<\/li>\n<li>Gesti\u00f3n de obra, recepci\u00f3n y finalizaci\u00f3n de obra<\/li>\n<li>Venta y o Comercializaci\u00f3n del activo, gesti\u00f3n de patrimonio.<\/li>\n<\/ul>\n<p>[\/vc_column_text][\/vc_column][\/vc_row][vc_row][vc_column][vc_empty_space height=\u00bb100px\u00bb][\/vc_column][\/vc_row][vc_row full_width=\u00bbstretch_row_content_no_spaces\u00bb parallax=\u00bbcontent-moving\u00bb][vc_column][\/vc_column][\/vc_row]<\/p>\n","protected":false},"excerpt":{"rendered":"<p>[vc_row][vc_column][vc_empty_space height=\u00bb100px\u00bb][\/vc_column][\/vc_row][vc_row full_width=\u00bbstretch_row\u00bb][vc_column][vc_column_text] ASESORAMIENTO INTEGRAL [\/vc_column_text][vc_empty_space height=\u00bb40px\u00bb][vc_column_text] Marbella Sky Corp realiza un asesoramiento global de inversi\u00f3n.\u00a0 Se aconseja c\u00f3mo invertir el capital de la manera m\u00e1s eficiente y seguro en Espa\u00f1a. Empezando desde el asesoramiento legal, b\u00fasqueda de los activos inmobiliarios, ahorro de costes en todo el proceso de inversi\u00f3n, hasta la venta o gesti\u00f3n [&hellip;]<\/p>\n","protected":false},"author":1,"featured_media":0,"parent":3402,"menu_order":0,"comment_status":"closed","ping_status":"closed","template":"template\/template-onepage.php","meta":{"footnotes":""},"class_list":["post-3421","page","type-page","status-publish","hentry"],"acf":[],"aioseo_notices":[],"_links":{"self":[{"href":"https:\/\/www.marbellaskycorp.com\/es\/wp-json\/wp\/v2\/pages\/3421\/"}],"collection":[{"href":"https:\/\/www.marbellaskycorp.com\/es\/wp-json\/wp\/v2\/pages\/"}],"about":[{"href":"https:\/\/www.marbellaskycorp.com\/es\/wp-json\/wp\/v2\/types\/page\/"}],"author":[{"embeddable":true,"href":"https:\/\/www.marbellaskycorp.com\/es\/wp-json\/wp\/v2\/users\/1\/"}],"replies":[{"embeddable":true,"href":"https:\/\/www.marbellaskycorp.com\/es\/wp-json\/wp\/v2\/comments\/?post=3421"}],"version-history":[{"count":0,"href":"https:\/\/www.marbellaskycorp.com\/es\/wp-json\/wp\/v2\/pages\/3421\/revisions\/"}],"up":[{"embeddable":true,"href":"https:\/\/www.marbellaskycorp.com\/es\/wp-json\/wp\/v2\/pages\/3402\/"}],"wp:attachment":[{"href":"https:\/\/www.marbellaskycorp.com\/es\/wp-json\/wp\/v2\/media\/?parent=3421"}],"curies":[{"name":"wp","href":"https:\/\/api.w.org\/{rel}","templated":true}]}}