{"id":3429,"date":"2017-04-21T07:16:33","date_gmt":"2017-04-21T07:16:33","guid":{"rendered":"http:\/\/www.marbellaskycorp.com\/web\/?page_id=3429"},"modified":"2022-08-21T11:00:11","modified_gmt":"2022-08-21T11:00:11","slug":"vender-una-propiedad","status":"publish","type":"page","link":"https:\/\/www.marbellaskycorp.com\/es\/servicios\/vender-una-propiedad\/","title":{"rendered":"VENTA DE SU PROPIEDAD"},"content":{"rendered":"<p>[vc_row][vc_column][vc_empty_space height=\u00bb100px\u00bb][\/vc_column][\/vc_row][vc_row][vc_column][vc_column_text]<\/p>\n<h1 style=\"text-align: center;\"><span style=\"font-weight: 100; font-family: lato;\">VENTA DE SU PROPIEDAD<\/span><\/h1>\n<p>[\/vc_column_text][vc_column_text]<\/p>\n<p style=\"text-align: justify;\">Marbella Sky Corp le ofrece un servicio profesional y personalizado adecuado al mercado evolutivo y competitivo en el que nos encontramos y donde su propiedad tiene que estar en un lugar prioritario. Nuestra experiencia le ayudar\u00e1 a tomar las mejores decisiones y consejos sobre el lanzamiento al mercado de su propiedad. Siendo nuestro objetivo principal identificar al cliente id\u00f3neo para compra de su inmueble Nuestras din\u00e1micas estrategias de marketing y nuestra estrecha colaboraci\u00f3n con todas las agencias de la Costa del Sol, garantizar\u00e1n la m\u00e1xima visibilidad y proporcionar\u00e1n por consiguiente una venta r\u00e1pida y segura.<\/p>\n<ul>\n<li>Fotos profesionales, fotos a\u00e9reas con dron, fotos 3D, video, tour virtual.<\/li>\n<li>Inserciones en portales inmobiliarios nacionales e internacionales, portales de lujo.<\/li>\n<li>Vallas publicitarias y carteler\u00eda.<\/li>\n<li>Publicidad en redes sociales: Instagram, Facebook, LinkedIn, canal YouTube y Google.<\/li>\n<li>Base de datos de 3.500 agencias inmobiliarias entre M\u00e1laga y Sotogrande. CRM inmobiliario.<\/li>\n<li>Colaboraciones inmobiliarias internacionales.<\/li>\n<li>Inicio de sesi\u00f3n del agente: material de marketing completo para agencias.<\/li>\n<li>Mailing semanal adaptados al inmueble para agencias \/ clientes.<\/li>\n<li>Lanzamiento oficial de ventas \/ jornadas de puertas abiertas (Open house)<\/li>\n<li>Propuestas especiales de marketing para mansiones o proyectos de obra nueva.<\/li>\n<\/ul>\n<p>Rellene el formulario para consultar las condiciones y solicite ver como trabajamos cu\u00e1ndo somos su agencia en exclusiva para vender su propiedad.[\/vc_column_text][\/vc_column][\/vc_row][vc_row][vc_column][vc_empty_space height=\u00bb100px\u00bb][\/vc_column][\/vc_row][vc_row full_width=\u00bbstretch_row\u00bb css=\u00bb.vc_custom_1488786535808{padding-top: 70px !important;background-color: #eeeeee !important;}\u00bb][vc_column][vc_column_text]<div class=\"frm_forms  with_frm_style frm_style_formidable-style\" id=\"frm_form_7_container\" >\n<form enctype=\"multipart\/form-data\" method=\"post\" class=\"frm-show-form  frm_pro_form \" id=\"form_contact22\" >\n<div class=\"frm_form_fields \">\n<fieldset>\n<legend class=\"frm_hidden\">vender<\/legend>\r\n\r\n<div class=\"frm_fields_container\">\n<input type=\"hidden\" name=\"frm_action\" value=\"create\" \/>\n<input type=\"hidden\" name=\"form_id\" value=\"7\" \/>\n<input type=\"hidden\" name=\"frm_hide_fields_7\" id=\"frm_hide_fields_7\" value=\"\" \/>\n<input type=\"hidden\" name=\"form_key\" value=\"contact22\" \/>\n<input type=\"hidden\" name=\"item_meta[0]\" value=\"\" \/>\n<input type=\"hidden\" id=\"frm_submit_entry_7\" name=\"frm_submit_entry_7\" value=\"056308d66c\" \/><input type=\"hidden\" name=\"_wp_http_referer\" value=\"\/es\/wp-json\/wp\/v2\/pages\/3429\/\" \/><div id=\"frm_field_90_container\" class=\"frm_form_field form-field  frm_required_field frm_top_container frm_first frm_half\">\r\n    <label for=\"field_qh4icy3\" id=\"field_qh4icy3_label\" class=\"frm_primary_label\">Nombre\r\n        <span class=\"frm_required\" aria-hidden=\"true\">*<\/span>\r\n    <\/label>\r\n    <input  type=\"text\" id=\"field_qh4icy3\" name=\"item_meta[90]\" value=\"\"  data-reqmsg=\"Este campo no puede estar en blanco.\" aria-required=\"true\" data-invmsg=\"Nombre no es v\u00e1lido\" aria-invalid=\"false\"   \/>\r\n    \r\n    \r\n<\/div>\n<div id=\"frm_field_91_container\" class=\"frm_form_field form-field  frm_required_field frm_top_container frm_half\">\r\n    <label for=\"field_ocfup13\" id=\"field_ocfup13_label\" class=\"frm_primary_label\">Apellido\r\n        <span class=\"frm_required\" aria-hidden=\"true\">*<\/span>\r\n    <\/label>\r\n    <input  type=\"text\" id=\"field_ocfup13\" name=\"item_meta[91]\" value=\"\"  data-reqmsg=\"Este campo no puede estar en blanco.\" aria-required=\"true\" data-invmsg=\"Apellido no es v\u00e1lido\" aria-invalid=\"false\"   \/>\r\n    \r\n    \r\n<\/div>\n<div id=\"frm_field_92_container\" class=\"frm_form_field form-field  frm_required_field frm_top_container frm_first frm_eighth\">\r\n    <label for=\"field_4yaqp2\" class=\"frm_primary_label\">Prefijo\r\n        <span class=\"frm_required\">*<\/span>\r\n    <\/label>\r\n    <input  type=\"text\" id=\"field_4yaqp2\" name=\"item_meta[92]\" value=\"\"  data-reqmsg=\"Este campo no puede estar en blanco.\" aria-required=\"true\" data-invmsg=\"Prefijo no es v\u00e1lido\" aria-invalid=\"false\"   \/>\r\n    \r\n    \r\n<\/div>\n<div id=\"frm_field_93_container\" class=\"frm_form_field form-field  frm_required_field frm_top_container frm_fourth\">\r\n    <label for=\"field_5l5ly2\" class=\"frm_primary_label\">N\u00famero de tel\u00e9fono\r\n        <span class=\"frm_required\">*<\/span>\r\n    <\/label>\r\n    <input type=\"tel\" id=\"field_5l5ly2\" name=\"item_meta[93]\" value=\"\"  data-reqmsg=\"Este campo no puede estar en blanco.\" aria-required=\"true\" data-invmsg=\"N\u00famero de tel\u00e9fono no es v\u00e1lido\" aria-invalid=\"false\" pattern=\"((\\+\\d{1,3}(-|.| )?\\(?\\d\\)?(-| |.)?\\d{1,5})|(\\(?\\d{2,6}\\)?))(-|.| )?(\\d{3,4})(-|.| )?(\\d{4})(( x| ext)\\d{1,5}){0,1}$\"  \/>\r\n    \r\n    \r\n<\/div>\n<div id=\"frm_field_94_container\" class=\"frm_form_field form-field  frm_required_field frm_top_container frm_half\">\r\n    <label for=\"field_29yf4d3\" id=\"field_29yf4d3_label\" class=\"frm_primary_label\">Email\r\n        <span class=\"frm_required\" aria-hidden=\"true\">*<\/span>\r\n    <\/label>\r\n    <input type=\"email\" id=\"field_29yf4d3\" name=\"item_meta[94]\" value=\"\"  style=\"width:800px\" data-reqmsg=\"Este campo no puede estar en blanco.\" aria-required=\"true\" data-invmsg=\"Please enter a valid email address\" class=\"auto_width\" aria-invalid=\"false\"  \/>\r\n    \r\n    \r\n<\/div>\n<div id=\"frm_field_100_container\" class=\"frm_form_field form-field  frm_top_container horizontal_radio\">\r\n    <label  class=\"frm_primary_label\">Seleccione tipo de propiedad\r\n        <span class=\"frm_required\"><\/span>\r\n    <\/label>\r\n    <div class=\"frm_opt_container\">\t\t<div class=\"frm_checkbox\" id=\"frm_checkbox_100-0\">\t\t\t<label  for=\"field_zeb3q-0\">\n\t\t\t<input type=\"checkbox\" name=\"item_meta[100][]\" id=\"field_zeb3q-0\" value=\"Apartamento\"  data-invmsg=\"Seleccione tipo de propiedad no es v\u00e1lido\"   \/> Apartamento<\/label><\/div>\n\t\t<div class=\"frm_checkbox\" id=\"frm_checkbox_100-1\">\t\t\t<label  for=\"field_zeb3q-1\">\n\t\t\t<input type=\"checkbox\" name=\"item_meta[100][]\" id=\"field_zeb3q-1\" value=\"Adosado\"  data-invmsg=\"Seleccione tipo de propiedad no es v\u00e1lido\"   \/> Adosado<\/label><\/div>\n\t\t<div class=\"frm_checkbox\" id=\"frm_checkbox_100-2\">\t\t\t<label  for=\"field_zeb3q-2\">\n\t\t\t<input type=\"checkbox\" name=\"item_meta[100][]\" id=\"field_zeb3q-2\" value=\"Villa\"  data-invmsg=\"Seleccione tipo de propiedad no es v\u00e1lido\"   \/> Villa<\/label><\/div>\n\t\t<div class=\"frm_checkbox\" id=\"frm_checkbox_100-3\">\t\t\t<label  for=\"field_zeb3q-3\">\n\t\t\t<input type=\"checkbox\" name=\"item_meta[100][]\" id=\"field_zeb3q-3\" value=\"Parcela\"  data-invmsg=\"Seleccione tipo de propiedad no es v\u00e1lido\"   \/> Parcela<\/label><\/div>\n\t\t<div class=\"frm_checkbox\" id=\"frm_checkbox_100-5\">\t\t\t<label  for=\"field_zeb3q-5\">\n\t\t\t<input type=\"checkbox\" name=\"item_meta[100][]\" id=\"field_zeb3q-5\" value=\"Otros\"  data-invmsg=\"Seleccione tipo de propiedad no es v\u00e1lido\"   \/> Otros<\/label><\/div>\n<\/div>\r\n    \r\n    \r\n<\/div>\n<div id=\"frm_field_96_container\" class=\"frm_form_field form-field  frm_required_field frm_top_container frm_full\">\r\n    <label for=\"field_9jv0r13\" id=\"field_9jv0r13_label\" class=\"frm_primary_label\">Descripci\u00f3n\r\n        <span class=\"frm_required\" aria-hidden=\"true\">*<\/span>\r\n    <\/label>\r\n    <textarea name=\"item_meta[96]\" id=\"field_9jv0r13\" rows=\"5\"  data-reqmsg=\"Este campo no puede estar en blanco.\" aria-required=\"true\" data-invmsg=\"Descripci\u00f3n no es v\u00e1lido\" aria-invalid=\"false\"  ><\/textarea>\r\n    \r\n    \r\n<\/div>\n<div id=\"frm_field_97_container\" class=\"frm_form_field form-field  frm_none_container\">\r\n    <label for=\"g-recaptcha-response\" id=\"field_62n6q33_label\" class=\"frm_primary_label\">Captcha\r\n        <span class=\"frm_required\" aria-hidden=\"true\"><\/span>\r\n    <\/label>\r\n    <div  id=\"field_62n6q33\" class=\"frm-g-recaptcha\" data-sitekey=\"6Ldyk-MpAAAAAJfBVuB6v3PyQ6xFzJRr5TUxJRgz\" data-size=\"invisible\" data-theme=\"light\"><\/div>\r\n    \r\n    \r\n<\/div>\n\t<input type=\"hidden\" name=\"item_key\" value=\"\" \/>\n\t\t\t<div id=\"frm_field_236_container\">\n\t\t\t<label for=\"field_2j9ng\" >\n\t\t\t\tSi eres humano, deja este campo en blanco.\t\t\t<\/label>\n\t\t\t<input  id=\"field_2j9ng\" type=\"text\" class=\"frm_form_field form-field frm_verify\" name=\"item_meta[236]\" value=\"\"  \/>\n\t\t<\/div>\n\t\t<input name=\"frm_state\" type=\"hidden\" value=\"j48rWwKFbOsYFU94yknxVBcfSvUr4iyc6prB+Edxv+36FuESc\/ibar6psJirlMAy\" \/><div class=\"frm_submit\">\r\n\r\n<button class=\"frm_button_submit frm_final_submit\" type=\"submit\"   formnovalidate=\"formnovalidate\">Enviar<\/button>\r\n\r\n<\/div><\/div>\n<\/fieldset>\n<\/div>\n\n<p style=\"display: none !important;\" class=\"akismet-fields-container\" data-prefix=\"ak_\"><label>&#916;<textarea name=\"ak_hp_textarea\" cols=\"45\" rows=\"8\" maxlength=\"100\"><\/textarea><\/label><input type=\"hidden\" id=\"ak_js_1\" name=\"ak_js\" value=\"52\"\/><script>document.getElementById( \"ak_js_1\" ).setAttribute( \"value\", ( new Date() ).getTime() );<\/script><\/p><\/form>\n<\/div>\n[\/vc_column_text][\/vc_column][\/vc_row][vc_row full_width=\u00bbstretch_row_content_no_spaces\u00bb parallax=\u00bbcontent-moving\u00bb][vc_column][\/vc_column][\/vc_row]<\/p>\n","protected":false},"excerpt":{"rendered":"<p>[vc_row][vc_column][vc_empty_space height=\u00bb100px\u00bb][\/vc_column][\/vc_row][vc_row][vc_column][vc_column_text] VENTA DE SU PROPIEDAD [\/vc_column_text][vc_column_text] Marbella Sky Corp le ofrece un servicio profesional y personalizado adecuado al mercado evolutivo y competitivo en el que nos encontramos y donde su propiedad tiene que estar en un lugar prioritario. Nuestra experiencia le ayudar\u00e1 a tomar las mejores decisiones y consejos sobre el lanzamiento al mercado [&hellip;]<\/p>\n","protected":false},"author":1,"featured_media":0,"parent":3402,"menu_order":0,"comment_status":"closed","ping_status":"closed","template":"template\/template-onepage.php","meta":{"footnotes":""},"class_list":["post-3429","page","type-page","status-publish","hentry"],"acf":[],"aioseo_notices":[],"_links":{"self":[{"href":"https:\/\/www.marbellaskycorp.com\/es\/wp-json\/wp\/v2\/pages\/3429\/"}],"collection":[{"href":"https:\/\/www.marbellaskycorp.com\/es\/wp-json\/wp\/v2\/pages\/"}],"about":[{"href":"https:\/\/www.marbellaskycorp.com\/es\/wp-json\/wp\/v2\/types\/page\/"}],"author":[{"embeddable":true,"href":"https:\/\/www.marbellaskycorp.com\/es\/wp-json\/wp\/v2\/users\/1\/"}],"replies":[{"embeddable":true,"href":"https:\/\/www.marbellaskycorp.com\/es\/wp-json\/wp\/v2\/comments\/?post=3429"}],"version-history":[{"count":0,"href":"https:\/\/www.marbellaskycorp.com\/es\/wp-json\/wp\/v2\/pages\/3429\/revisions\/"}],"up":[{"embeddable":true,"href":"https:\/\/www.marbellaskycorp.com\/es\/wp-json\/wp\/v2\/pages\/3402\/"}],"wp:attachment":[{"href":"https:\/\/www.marbellaskycorp.com\/es\/wp-json\/wp\/v2\/media\/?parent=3429"}],"curies":[{"name":"wp","href":"https:\/\/api.w.org\/{rel}","templated":true}]}}