{"id":3433,"date":"2017-04-21T07:18:09","date_gmt":"2017-04-21T07:18:09","guid":{"rendered":"http:\/\/www.marbellaskycorp.com\/web\/?page_id=3433"},"modified":"2022-03-08T12:06:08","modified_gmt":"2022-03-08T12:06:08","slug":"diseno-de-interiores","status":"publish","type":"page","link":"https:\/\/www.marbellaskycorp.com\/es\/servicios\/diseno-de-interiores\/","title":{"rendered":"Dise\u00f1o de interiores"},"content":{"rendered":"<p>[vc_row][vc_column][vc_empty_space height=\u00bb100px\u00bb][\/vc_column][\/vc_row][vc_row][vc_column][vc_column_text]<\/p>\n<h1 style=\"text-align: center;\"><span style=\"font-weight: 100; font-family: lato;\">DISE\u00d1O DE INTERIORES<\/span><\/h1>\n<p>[\/vc_column_text][vc_column_text]<\/p>\n<div class=\"wpb_text_column wpb_content_element \">\n<div class=\"wpb_wrapper\">\n<p style=\"text-align: justify;\">No hay segundas oportunidades para una primera impresi\u00f3n. La presentaci\u00f3n de una propiedad, es crucial a la hora de vender o comprar. Por eso Marbella Sky Corp le ofrece un equipo de profesionales (decoradores, interioristas, fot\u00f3grafos, etc.), que est\u00e1n a su disposici\u00f3n para remodelar, renovar o dise\u00f1ar un nuevo espacio de vida para sus clientes.<\/p>\n<ul>\n<li>Dise\u00f1o de interiores<\/li>\n<li>Decoraci\u00f3n completa<\/li>\n<li>Pisos pilotos<\/li>\n<li>Cambios de cocina y ba\u00f1os<\/li>\n<li>Persianas, toldos, acristalamientos<\/li>\n<li>Renovaci\u00f3n parcial o total<\/li>\n<li>Paisajismo y jardiner\u00eda<\/li>\n<li>Decoraci\u00f3n a medida y de gama alta<\/li>\n<\/ul>\n<\/div>\n<\/div>\n<p>[\/vc_column_text][\/vc_column][\/vc_row][vc_row][vc_column][vc_empty_space height=\u00bb100px\u00bb][\/vc_column][\/vc_row][vc_row full_width=\u00bbstretch_row_content_no_spaces\u00bb parallax=\u00bbcontent-moving\u00bb][vc_column][\/vc_column][\/vc_row]<\/p>\n","protected":false},"excerpt":{"rendered":"<p>[vc_row][vc_column][vc_empty_space height=\u00bb100px\u00bb][\/vc_column][\/vc_row][vc_row][vc_column][vc_column_text] DISE\u00d1O DE INTERIORES [\/vc_column_text][vc_column_text] No hay segundas oportunidades para una primera impresi\u00f3n. La presentaci\u00f3n de una propiedad, es crucial a la hora de vender o comprar. Por eso Marbella Sky Corp le ofrece un equipo de profesionales (decoradores, interioristas, fot\u00f3grafos, etc.), que est\u00e1n a su disposici\u00f3n para remodelar, renovar o dise\u00f1ar un nuevo [&hellip;]<\/p>\n","protected":false},"author":1,"featured_media":0,"parent":3402,"menu_order":0,"comment_status":"closed","ping_status":"closed","template":"template\/template-onepage.php","meta":{"footnotes":""},"class_list":["post-3433","page","type-page","status-publish","hentry"],"acf":[],"aioseo_notices":[],"_links":{"self":[{"href":"https:\/\/www.marbellaskycorp.com\/es\/wp-json\/wp\/v2\/pages\/3433\/"}],"collection":[{"href":"https:\/\/www.marbellaskycorp.com\/es\/wp-json\/wp\/v2\/pages\/"}],"about":[{"href":"https:\/\/www.marbellaskycorp.com\/es\/wp-json\/wp\/v2\/types\/page\/"}],"author":[{"embeddable":true,"href":"https:\/\/www.marbellaskycorp.com\/es\/wp-json\/wp\/v2\/users\/1\/"}],"replies":[{"embeddable":true,"href":"https:\/\/www.marbellaskycorp.com\/es\/wp-json\/wp\/v2\/comments\/?post=3433"}],"version-history":[{"count":0,"href":"https:\/\/www.marbellaskycorp.com\/es\/wp-json\/wp\/v2\/pages\/3433\/revisions\/"}],"up":[{"embeddable":true,"href":"https:\/\/www.marbellaskycorp.com\/es\/wp-json\/wp\/v2\/pages\/3402\/"}],"wp:attachment":[{"href":"https:\/\/www.marbellaskycorp.com\/es\/wp-json\/wp\/v2\/media\/?parent=3433"}],"curies":[{"name":"wp","href":"https:\/\/api.w.org\/{rel}","templated":true}]}}